{"id":17670,"date":"2022-06-02T23:30:58","date_gmt":"2022-06-02T20:30:58","guid":{"rendered":"https:\/\/batulogistics.com\/?page_id=17670"},"modified":"2024-10-25T11:58:33","modified_gmt":"2024-10-25T08:58:33","slug":"bgys-politikasi","status":"publish","type":"page","link":"https:\/\/batulogistics.com\/en\/bgys-politikasi\/","title":{"rendered":"BGYS Politikas\u0131"},"content":{"rendered":"<p>[vc_row][vc_column offset=&#8221;vc_col-lg-9 vc_col-md-9&#8243;][vc_custom_heading text=&#8221;BGYS POL\u0130T\u0130KASI&#8221; font_container=&#8221;tag:h3|text_align:left&#8221; google_fonts=&#8221;font_family:Montserrat%3Aregular%2C700|font_style:700%20bold%20regular%3A700%3Anormal&#8221; css=&#8221;.vc_custom_1654201702683{margin-top: 50px !important;margin-bottom: 25px !important;}&#8221;][vc_column_text css=&#8221;.vc_custom_1729846706916{margin-bottom: 23px !important;}&#8221;]<\/p>\n<p class=\"228bf8a64b8551e1MsoNormal\">Kurum olarak; kurulu\u015fumuza ve payda\u015flar\u0131m\u0131za ait bilgi varl\u0131klar\u0131n\u0131 korunmak, g\u00fcncel tutmak ve ihtiya\u00e7 duyuldu\u011funda eri\u015filebilirli\u011fini sa\u011flamak amac\u0131yla;<\/p>\n<ul type=\"disc\">\n<li class=\"228bf8a64b8551e1MsoNormal\">Faaliyetlerimizde gerekli olan her t\u00fcrl\u00fc kritik bilgiyi g\u00fcvence alt\u0131na almay\u0131,<\/li>\n<li class=\"228bf8a64b8551e1MsoNormal\">Tabi oldu\u011fumuz ulusal veya uluslararas\u0131 d\u00fczenlemeler ve yasal gereklilerden do\u011fan bilgi g\u00fcvenli\u011fi y\u00fck\u00fcml\u00fcl\u00fcklerini kar\u015f\u0131lamay\u0131,<\/li>\n<li class=\"228bf8a64b8551e1MsoNormal\">Kurum \u00e7al\u0131\u015fanlar\u0131n\u0131n yetkinliklerini artt\u0131rarak \u00e7al\u0131\u015fanlar\u0131n bilgi g\u00fcvenli\u011fine katk\u0131da bulunmalar\u0131n\u0131 sa\u011flamay\u0131,<\/li>\n<li class=\"228bf8a64b8551e1MsoNormal\">\u0130\u015f s\u00fcreklili\u011fi planlar\u0131 olu\u015fturmay\u0131 ve de\u011fi\u015fen bilgi g\u00fcvenli\u011fi tehditlerine kar\u015f\u0131 risk analizleri yaparak gerekli \u00f6nlemleri almay\u0131,<\/li>\n<li class=\"228bf8a64b8551e1MsoNormal\">Bilgi g\u00fcvenli\u011finin sa\u011flanmas\u0131 i\u00e7in gerekli t\u00fcm deste\u011fi sa\u011flamay\u0131,<\/li>\n<li class=\"228bf8a64b8551e1MsoNormal\">Bilgi g\u00fcvenli\u011fi y\u00f6netim sisteminin s\u00fcrekli iyile\u015ftirilmesini,<\/li>\n<li class=\"228bf8a64b8551e1MsoNormal\">\u0130klim de\u011fi\u015fikli\u011fini desteklemek amac\u0131yla enerji verimlili\u011fini tedarik zinciri s\u00fcre\u00e7lerinde referans almay\u0131<\/li>\n<\/ul>\n<p class=\"228bf8a64b8551e1MsoNormal\">\n<p class=\"228bf8a64b8551e1MsoNormal\">taahh\u00fct ederiz.<\/p>\n<p>[\/vc_column_text][\/vc_column][vc_column width=&#8221;1\/4&#8243; css=&#8221;.vc_custom_1540658978144{background-position: center !important;background-repeat: no-repeat !important;background-size: cover !important;}&#8221; offset=&#8221;vc_hidden-sm vc_hidden-xs&#8221;][stm_sidebar sidebar=&#8221;16645&#8243;][\/vc_column][\/vc_row]<\/p>\n","protected":false},"excerpt":{"rendered":"<p>[vc_row][vc_column offset=&#8221;vc_col-lg-9 vc_col-md-9&#8243;][vc_custom_heading text=&#8221;BGYS POL\u0130T\u0130KASI&#8221; font_container=&#8221;tag:h3|text_align:left&#8221; google_fonts=&#8221;font_family:Montserrat%3Aregular%2C700|font_style:700%20bold%20regular%3A700%3Anormal&#8221; css=&#8221;.vc_custom_1654201702683{margin-top: 50px !important;margin-bottom: 25px !important;}&#8221;][vc_column_text css=&#8221;.vc_custom_1729846706916{margin-bottom: 23px !important;}&#8221;] Kurum olarak; kurulu\u015fumuza ve payda\u015flar\u0131m\u0131za ait bilgi varl\u0131klar\u0131n\u0131 korunmak, g\u00fcncel tutmak ve ihtiya\u00e7 duyuldu\u011funda eri\u015filebilirli\u011fini sa\u011flamak amac\u0131yla; Faaliyetlerimizde gerekli olan her t\u00fcrl\u00fc kritik bilgiyi g\u00fcvence alt\u0131na almay\u0131, Tabi oldu\u011fumuz ulusal veya uluslararas\u0131 d\u00fczenlemeler ve yasal gereklilerden do\u011fan bilgi g\u00fcvenli\u011fi y\u00fck\u00fcml\u00fcl\u00fcklerini<\/p>\n","protected":false},"author":1,"featured_media":0,"parent":0,"menu_order":0,"comment_status":"closed","ping_status":"closed","template":"","meta":[],"_links":{"self":[{"href":"https:\/\/batulogistics.com\/en\/wp-json\/wp\/v2\/pages\/17670"}],"collection":[{"href":"https:\/\/batulogistics.com\/en\/wp-json\/wp\/v2\/pages"}],"about":[{"href":"https:\/\/batulogistics.com\/en\/wp-json\/wp\/v2\/types\/page"}],"author":[{"embeddable":true,"href":"https:\/\/batulogistics.com\/en\/wp-json\/wp\/v2\/users\/1"}],"replies":[{"embeddable":true,"href":"https:\/\/batulogistics.com\/en\/wp-json\/wp\/v2\/comments?post=17670"}],"version-history":[{"count":4,"href":"https:\/\/batulogistics.com\/en\/wp-json\/wp\/v2\/pages\/17670\/revisions"}],"predecessor-version":[{"id":17784,"href":"https:\/\/batulogistics.com\/en\/wp-json\/wp\/v2\/pages\/17670\/revisions\/17784"}],"wp:attachment":[{"href":"https:\/\/batulogistics.com\/en\/wp-json\/wp\/v2\/media?parent=17670"}],"curies":[{"name":"wp","href":"https:\/\/api.w.org\/{rel}","templated":true}]}}