{"id":17497,"date":"2020-07-21T10:39:32","date_gmt":"2020-07-21T07:39:32","guid":{"rendered":"https:\/\/batulogistics.com\/?page_id=17497"},"modified":"2020-07-21T10:39:32","modified_gmt":"2020-07-21T07:39:32","slug":"individual-customer","status":"publish","type":"page","link":"https:\/\/batulogistics.com\/en\/individual-customer\/","title":{"rendered":"Individual Customer"},"content":{"rendered":"<p>[vc_row][vc_column offset=&#8221;vc_col-lg-9 vc_col-md-9&#8243;][vc_custom_heading text=&#8221;COMPANY PRIVACY &amp; CLARIFICATION NOTICE&#8221; font_container=&#8221;tag:h3|text_align:left&#8221; google_fonts=&#8221;font_family:Montserrat%3Aregular%2C700|font_style:700%20bold%20regular%3A700%3Anormal&#8221; css=&#8221;.vc_custom_1595317148381{margin-top: 50px !important;margin-bottom: 25px !important;}&#8221;][vc_column_text css=&#8221;.vc_custom_1595317161011{margin-bottom: 23px !important;}&#8221;]<\/p>\n<table width=\"910\">\n<tbody>\n<tr>\n<td colspan=\"4\" width=\"617\"><strong>\u00a0<\/strong><\/td>\n<td width=\"293\"><strong><em>Individual Customer<\/em><\/strong><\/td>\n<\/tr>\n<tr>\n<td colspan=\"5\" width=\"910\">This Company Privacy &amp; Clarification Notice states the data collected and processed by our Company in the name of data officer and will be valid for the personal data of the persons mentioned above.<\/td>\n<\/tr>\n<tr>\n<td colspan=\"2\" width=\"219\"><strong>WHY IS THIS NOTICE BEING SENT?<\/strong><\/td>\n<td colspan=\"3\" width=\"691\">The General Data Protection Regulations (GDPR) replaces the Data Protection Act 1998 on 25 may 2018. The Company is now required to tell all data subjects about the data that is collected about them. This form may also be used to collect certain data.<\/td>\n<\/tr>\n<tr>\n<td width=\"216\"><strong>WHAT SUBJECTS DOES THIS NOTICE CONTAIN?<\/strong><\/td>\n<td colspan=\"2\" width=\"358\">\u00b7\u00a0\u00a0\u00a0\u00a0\u00a0\u00a0 what data is being collected<\/p>\n<p>\u00b7\u00a0\u00a0\u00a0\u00a0\u00a0\u00a0 what purpose data is used for<\/p>\n<p>\u00b7\u00a0\u00a0\u00a0\u00a0\u00a0\u00a0 whom the data is shared with<\/p>\n<p>\u00b7\u00a0\u00a0\u00a0\u00a0\u00a0\u00a0 the lawful basis for holding your data<\/td>\n<td colspan=\"2\" width=\"336\">\u00b7\u00a0\u00a0\u00a0\u00a0\u00a0\u00a0 how long we will keep your data<\/p>\n<p>\u00b7\u00a0\u00a0\u00a0\u00a0\u00a0\u00a0 your individual rights under GDPR<\/td>\n<\/tr>\n<tr>\n<td width=\"216\"><strong>WHICH DATA DO WE PROCESS? <\/strong><\/td>\n<td colspan=\"4\" width=\"694\">Name Surname, Address, E-Mail Address, GSM Number, Signature, TCKN, Information In Correspondence With Judicial Authorities And Information In Forensic Files (Lawsuit, Enforcement, Etc.), Parent Name, Father&#8217;s Name, If Circular Document Is Registration Card; Population \/ Family \/ Order No, Population \/ Province \/ District \/ Village \/ Village, Registration Number, Birth Place, Date Of Birth, IBAN, Bank Account Number<\/p>\n<p>&nbsp;<\/td>\n<\/tr>\n<tr>\n<td width=\"216\"><strong>WHO WE SHARE YOUR PERSONAL DATA WITH AND ON WHAT PURPOSE?<\/strong><\/td>\n<td colspan=\"4\" width=\"694\"><strong>Purposes:<\/strong> Based on terms of GDPR, we share your data for fulfillment of cloud server custody service, possible legal dispute, investigation, judicial or administrative audit and use of our legal defense in other cases, responding to official or legal information and document requests.<\/p>\n<p>&nbsp;<\/p>\n<p><strong>We share your data with:<\/strong><\/p>\n<p>Cloud server service, a possible legal dispute, investigation, judicial or administrative audit, and in other cases, our company lawyer, judicial and administrative authorities requesting information.<\/td>\n<\/tr>\n<tr>\n<td width=\"216\"><strong>METHOD OF COLLECTING AND PROCESSING YOUR DATA <\/strong><\/td>\n<td colspan=\"4\" width=\"694\">We collect your personal data by Signing of the Contracts concluded with our company and by e-mail.<\/p>\n<p>&nbsp;<\/p>\n<p>We process your personal data by identifying customer information to the system and by physically storing the service contracts, storing them on the virtual server as printed and digitally, transferring them to the relevant authorities in case of a possible dispute, transferring them to the authorized persons and institutions in the performance of the contract. Creating a database, making lists, filling out documents, writing a petition, filling out a form, either automatically or non-automatically, depending on the nature of the data.<\/td>\n<\/tr>\n<tr>\n<td width=\"216\"><strong>PURPOSE FOR PROCESSING DATA<\/strong><\/p>\n<p><strong>\u00a0<\/strong><\/td>\n<td colspan=\"4\" width=\"694\">Giving information to authorized people, institutions and organizations, carrying out marketing processes of products \/ services, carrying out supply chain management processes, carrying out custody and archiving activities, carrying out production \/ operation processes of goods \/ services, carrying out sales of goods \/ services, after sales of goods \/ services execution of services, execution of goods \/ services purchasing processes, ensuring business continuity, carrying out activities, conducting \/ controlling business activities, following and executing legal affairs, conducting financial and accounting affairs, conducting activities in accordance with the legislation.<\/td>\n<\/tr>\n<tr>\n<td width=\"216\"><strong>LAWFUL BASIS ON WHICH THIS DATA IS USED<\/strong><\/td>\n<td colspan=\"4\" width=\"694\">\u2022 The legitimate interest of the data controller, provided that it does not harm the fundamental rights and freedoms of the person concerned.<\/p>\n<p>\u2022 Establishment \/ execution of the contract<\/p>\n<p>\u2022 Fulfillment of Legal Liability<\/p>\n<p>\u2022 Establishment and \/ or Protection of the Right<\/td>\n<\/tr>\n<tr>\n<td width=\"216\"><strong>YOUR RIGHTS BASED ON GDPR<\/strong><\/p>\n<p><strong>\u00a0<\/strong><\/td>\n<td colspan=\"4\" width=\"694\">\u2022\u00a0\u00a0\u00a0\u00a0\u00a0\u00a0\u00a0\u00a0\u00a0 enable correction to data for accuracy.<\/p>\n<p>\u2022\u00a0\u00a0\u00a0\u00a0\u00a0\u00a0\u00a0\u00a0\u00a0 request the deletion or removal of personal data where there is no compelling reason for its continued processing.<\/p>\n<p>\u2022\u00a0\u00a0\u00a0\u00a0\u00a0\u00a0\u00a0\u00a0\u00a0 object to processing of personal data that is likely to cause, or is causing damage or distress<\/p>\n<p>\u2022\u00a0\u00a0\u00a0\u00a0\u00a0\u00a0\u00a0\u00a0\u00a0 to obtain and reuse your personal data for your own purposes across different services.<\/p>\n<p>\u2022\u00a0\u00a0\u00a0\u00a0\u00a0\u00a0\u00a0\u00a0\u00a0 prevent processing for the purpose of direct marketing<\/p>\n<p>\u2022\u00a0\u00a0\u00a0\u00a0\u00a0\u00a0\u00a0\u00a0\u00a0 object to decisions being taken by automated means<\/p>\n<p>\u2022\u00a0\u00a0\u00a0\u00a0\u00a0\u00a0\u00a0\u00a0\u00a0 in certain circumstances have inaccurate personal data rectified, blocked, erased or destroyed; and<\/p>\n<p>\u2022\u00a0\u00a0\u00a0\u00a0\u00a0\u00a0\u00a0\u00a0\u00a0 claim compensation for damages caused by breach of the Data Protection Regulations<\/td>\n<\/tr>\n<tr>\n<td width=\"216\"><strong>PRECAUTIONS FOR PROTECTING YOUR PERSONAL DATA<\/strong><\/td>\n<td colspan=\"4\" width=\"694\">Protection of personal data is an important issue for our Company.<\/p>\n<p>Our Company takes necessary technical and administrative measures to protect against unauthorized access to personal data or loss, misuse, disclosure, alteration or destruction of this information. Our Company undertakes to keep your personal data confidential, to take all necessary technical and administrative measures and to take the necessary care to ensure confidentiality and security.<\/p>\n<p>&nbsp;<\/p>\n<p>Although our Company has taken the necessary information security measures, if the personal data is damaged as a result of the attacks on the web site and the system or it is received by third parties, our Company will immediately notify you and the Personal Data Protection Board.<\/td>\n<\/tr>\n<tr>\n<td width=\"216\"><strong>CORRECT AND CURRENT STORAGE OF YOUR PERSONAL DATA<\/strong><\/td>\n<td colspan=\"4\" width=\"694\">Those who share their personal data with us, know, accepted and declared that this information is correct and kept up to date, and that they know that it is important for the rights they have on their personal data within the meaning of the GDPR.<\/p>\n<p>&nbsp;<\/p>\n<p>You may make necessary notifications about your personal data about the changes and \/ or updates you have made by sending us the physical address below or from our KEP address.<\/td>\n<\/tr>\n<tr>\n<td width=\"216\"><strong>DELETING, DISPOSALING OR ANONIMIZING YOUR PERSONAL DATA<\/strong><\/td>\n<td colspan=\"4\" width=\"694\">Your personal data processed for purposes specified in this notice; when the purpose that requires processing is eliminated and the periods determined by the Laws, if any; In accordance with our Company&#8217;s Personal Data Retention and Disposal Policy, we will delete, destroy or anonymize and continue to use it on our own or at your request.<\/td>\n<\/tr>\n<tr>\n<td width=\"216\"><strong>IDENTITY OF THE COLLECTOR<\/strong><\/td>\n<td colspan=\"4\" width=\"694\">Batu International Lojistik \u0130\u00e7 ve D\u0131\u015f Ticaret A.\u015e.<\/p>\n<p>Mersis Number: 0150057660300014<\/p>\n<p>Adress: Oru\u00e7 Reis Mah. Tekstilkent Cad. No:12 Koza Plaza B Blok Kat:2 At\u0131\u015falan\u0131-Esenler \/ \u0130stanbul<\/p>\n<p>KEP Adress: batuinternational@hs02.kep.tr<\/td>\n<\/tr>\n<tr>\n<td width=\"216\"><\/td>\n<td width=\"3\"><\/td>\n<td width=\"355\"><\/td>\n<td width=\"43\"><\/td>\n<td width=\"293\"><\/td>\n<\/tr>\n<\/tbody>\n<\/table>\n<p>&nbsp;<\/p>\n<p>[\/vc_column_text][\/vc_column][vc_column width=&#8221;1\/4&#8243; css=&#8221;.vc_custom_1540658978144{background-position: center !important;background-repeat: no-repeat !important;background-size: cover !important;}&#8221; offset=&#8221;vc_hidden-sm vc_hidden-xs&#8221;][stm_sidebar sidebar=&#8221;16645&#8243;][\/vc_column][\/vc_row]<\/p>\n","protected":false},"excerpt":{"rendered":"<p>[vc_row][vc_column offset=&#8221;vc_col-lg-9 vc_col-md-9&#8243;][vc_custom_heading text=&#8221;COMPANY PRIVACY &amp; CLARIFICATION NOTICE&#8221; font_container=&#8221;tag:h3|text_align:left&#8221; google_fonts=&#8221;font_family:Montserrat%3Aregular%2C700|font_style:700%20bold%20regular%3A700%3Anormal&#8221; css=&#8221;.vc_custom_1595317148381{margin-top: 50px !important;margin-bottom: 25px !important;}&#8221;][vc_column_text css=&#8221;.vc_custom_1595317161011{margin-bottom: 23px !important;}&#8221;] \u00a0 Individual Customer This Company Privacy &amp; Clarification Notice states the data collected and processed by our Company in the name of data officer and will be valid for the personal data of the persons mentioned above.<\/p>\n","protected":false},"author":1,"featured_media":0,"parent":0,"menu_order":0,"comment_status":"closed","ping_status":"closed","template":"","meta":[],"_links":{"self":[{"href":"https:\/\/batulogistics.com\/en\/wp-json\/wp\/v2\/pages\/17497"}],"collection":[{"href":"https:\/\/batulogistics.com\/en\/wp-json\/wp\/v2\/pages"}],"about":[{"href":"https:\/\/batulogistics.com\/en\/wp-json\/wp\/v2\/types\/page"}],"author":[{"embeddable":true,"href":"https:\/\/batulogistics.com\/en\/wp-json\/wp\/v2\/users\/1"}],"replies":[{"embeddable":true,"href":"https:\/\/batulogistics.com\/en\/wp-json\/wp\/v2\/comments?post=17497"}],"version-history":[{"count":1,"href":"https:\/\/batulogistics.com\/en\/wp-json\/wp\/v2\/pages\/17497\/revisions"}],"predecessor-version":[{"id":17498,"href":"https:\/\/batulogistics.com\/en\/wp-json\/wp\/v2\/pages\/17497\/revisions\/17498"}],"wp:attachment":[{"href":"https:\/\/batulogistics.com\/en\/wp-json\/wp\/v2\/media?parent=17497"}],"curies":[{"name":"wp","href":"https:\/\/api.w.org\/{rel}","templated":true}]}}