{"id":17476,"date":"2020-05-21T12:49:09","date_gmt":"2020-05-21T09:49:09","guid":{"rendered":"https:\/\/batulogistics.com\/?page_id=17476"},"modified":"2022-07-25T17:35:55","modified_gmt":"2022-07-25T14:35:55","slug":"personel-adayi-referansi-aydinlatma-metni","status":"publish","type":"page","link":"https:\/\/batulogistics.com\/en\/personel-adayi-referansi-aydinlatma-metni\/","title":{"rendered":"Personel Aday\u0131 Referans\u0131 Ayd\u0131nlatma Metni"},"content":{"rendered":"<p>[vc_row][vc_column offset=&#8221;vc_col-lg-9 vc_col-md-9&#8243;][vc_custom_heading text=&#8221;K\u0130\u015e\u0130SEL VER\u0130LER\u0130N \u0130\u015eLENMES\u0130NE \u0130L\u0130\u015eK\u0130N AYDINLATMA METN\u0130&#8221; font_container=&#8221;tag:h3|text_align:left&#8221; google_fonts=&#8221;font_family:Montserrat%3Aregular%2C700|font_style:700%20bold%20regular%3A700%3Anormal&#8221; css=&#8221;.vc_custom_1587749527176{margin-top: 50px !important;margin-bottom: 25px !important;}&#8221;][vc_column_text css=&#8221;.vc_custom_1658759661789{margin-bottom: 23px !important;}&#8221;]<\/p>\n<div id=\"lipsum\">\n<table width=\"690\">\n<tbody>\n<tr>\n<td colspan=\"3\" width=\"517\"><\/td>\n<td width=\"173\"><strong><em>Personel Aday\u0131 Referans\u0131 3.Ki\u015fi<\/em><\/strong><\/td>\n<\/tr>\n<tr>\n<td colspan=\"4\" width=\"690\">\u0130\u015fbu Ki\u015fisel Ki\u015fisel Verilerin \u0130\u015flenmesine \u0130li\u015fkin Ayd\u0131nlatma Metni; sa\u011f \u00fcst kutucukta belirtilen ilgili ki\u015fi grubunun \u015firket taraf\u0131ndan tutulan veriler i\u00e7in ge\u00e7erlidir.<\/td>\n<\/tr>\n<tr>\n<td width=\"157\"><strong>NEDEN BU METN\u0130 G\u00d6NDER\u0130YORUZ?<\/strong><\/td>\n<td colspan=\"3\" width=\"533\">Batu International Lojistik \u0130\u00e7 ve D\u0131\u015f Ticaret A.\u015e. olarak, 6698 Say\u0131l\u0131 Ki\u015fisel Verilerin Korunmas\u0131 Kanunu (\u201cKVKK\u201d) ve 30356 say\u0131l\u0131 10.03.2018 tarihli Resmi Gazete\u2019de yay\u0131mlanan Ayd\u0131nlatma Y\u00fck\u00fcml\u00fcl\u00fc\u011f\u00fcn\u00fcn Yerine Getirilmesinde Uyulacak Usul ve Esaslar Hakk\u0131nda Tebli\u011f uyar\u0131nca, Veri Sorumlusu s\u0131fat\u0131yla haz\u0131rlanan i\u015fbu \u201cBilgilendirme\u201d yaz\u0131s\u0131 ile Sizlere, KVKK\u2019da yer alan \u201cVeri Sorumlusunun Ayd\u0131nlatma Y\u00fck\u00fcml\u00fcl\u00fc\u011f\u00fc\u201d ba\u015fl\u0131kl\u0131 10., \u201c\u0130lgili Ki\u015finin Haklar\u0131\u201d ba\u015fl\u0131kl\u0131 11. Ve Ayd\u0131nlatma Y\u00fck\u00fcml\u00fcl\u00fc\u011f\u00fcn\u00fcn Yerine Getirilmesinde Uyulacak Usul ve Esaslar Hakk\u0131nda Tebli\u011f\u2019de yer alan 4 ve 5. Maddeleri \u00e7er\u00e7evesinde; hangi ama\u00e7la ki\u015fisel verilerinizin i\u015flenece\u011fi, i\u015flenen ki\u015fisel verilerinizin kimlere ve hangi ama\u00e7la aktar\u0131labilece\u011fi, ki\u015fisel verilerinizin toplanmas\u0131n\u0131n y\u00f6ntemi ve hukuki sebebi ve KVKK\u2019n\u0131n 11. maddesinde say\u0131lan di\u011fer haklar\u0131n\u0131zla ilgili olarak bilgi vermek amac\u0131yla d\u00fczenlenmi\u015ftir.<\/td>\n<\/tr>\n<tr>\n<td width=\"157\"><strong>HANG\u0130 KONULARDA AYDINLATMA YAPIYORUZ?<\/strong><\/td>\n<td width=\"275\">\u00b7\u00a0\u00a0\u00a0\u00a0\u00a0 Hangi verilerinizin topland\u0131\u011f\u0131<\/p>\n<p>\u00b7\u00a0\u00a0\u00a0\u00a0\u00a0 Verilerinizin hangi ama\u00e7la i\u015flendi\u011fi<\/p>\n<p>\u00b7\u00a0\u00a0\u00a0\u00a0\u00a0 Verinizin kimlerle payla\u015f\u0131ld\u0131\u011f\u0131<\/p>\n<p>\u00b7\u00a0\u00a0\u00a0\u00a0\u00a0 Verilerinizin toplanmas\u0131n\u0131n hukuki sebebi<\/td>\n<td colspan=\"2\" width=\"258\">\u00b7\u00a0\u00a0\u00a0\u00a0\u00a0 Verinizin imhas\u0131<\/p>\n<p>\u00b7\u00a0\u00a0\u00a0\u00a0\u00a0 KVKK kapsam\u0131nda sahip oldu\u011funuz haklar<\/td>\n<\/tr>\n<tr>\n<td width=\"157\"><strong>HANG\u0130 VER\u0130LER\u0130N\u0130Z\u0130 \u0130\u015eL\u0130YORUZ? <\/strong><\/td>\n<td colspan=\"3\" width=\"533\">Ad Soyad, GSM no, \u00c7al\u0131\u015ft\u0131\u011f\u0131 Kurum, Pozisyonu<\/td>\n<\/tr>\n<tr>\n<td width=\"157\"><strong>K\u0130\u015e\u0130SEL VER\u0130LER\u0130N\u0130Z\u0130 K\u0130MLERLE HANG\u0130 AMA\u00c7LA PAYLA\u015eIYORUZ?<\/strong><\/td>\n<td colspan=\"3\" width=\"533\">Yasal y\u00fck\u00fcml\u00fcl\u00fckler ya da KVKK\u2019n\u0131n 8\/2 ile 9\/2\u2019nci maddesi \u015fartlar\u0131n\u0131n varl\u0131\u011f\u0131 halinde ki\u015fisel verileriniz; olas\u0131 bir hukuki ihtilaf, soru\u015fturma, adli ya da idari denetim ve sair hallerde hukuki savunma hakk\u0131m\u0131z\u0131n kullan\u0131lmas\u0131, resmi ya da yasal di\u011fer bilgi ve belge taleplerine yan\u0131t verme ama\u00e7lar\u0131yla olas\u0131 bir hukuki ihtilaf, soru\u015fturma, adli ya da idari denetim ve sair hallerde \u015firket avukat\u0131m\u0131z, bilgi talep eden adli ve idari merciler payla\u015f\u0131lmaktad\u0131r.<\/td>\n<\/tr>\n<tr>\n<td width=\"157\"><strong>K\u0130\u015e\u0130SEL VER\u0130LER\u0130N\u0130Z\u0130N TOPLANMA VE \u0130\u015eLENME Y\u00d6NTEM\u0130 NED\u0130R?<\/strong><\/td>\n<td colspan=\"3\" width=\"533\">Ki\u015fisel verilerinizi; \u0130\u015f\/i\u015f\u00e7i bulma sitesinden yap\u0131lan bildirim\/aktar\u0131m\/i\u015f ba\u015fvuru formu doldurtularak\/e-mail suretiyle TOPLUYOR; \u015eirket&#8217;in resmi mail hesaplar\u0131nda saklamak, Fiziki olarak kilitli dolapta muhafaza etmek, \u015eirket&#8217;in kariyer portal\u0131 hesaplar\u0131nda saklamak suretiyle \u0130\u015eL\u0130YORUZ.<\/td>\n<\/tr>\n<tr>\n<td width=\"157\"><strong>K\u0130\u015e\u0130SEL VER\u0130LER\u0130N\u0130Z\u0130N \u0130\u015eLENME AMA\u00c7LARI NED\u0130R?<\/strong><\/p>\n<p><strong>\u00a0<\/strong><\/td>\n<td colspan=\"3\" width=\"533\">Ki\u015fisel verileriniz, \u00e7al\u0131\u015fan aday\u0131 \/ stajyer \/ \u00f6\u011frenci se\u00e7me ve yerle\u015ftirme s\u00fcre\u00e7lerinin y\u00fcr\u00fct\u00fclmesi, \u00e7al\u0131\u015fan adaylar\u0131n\u0131n ba\u015fvuru s\u00fcre\u00e7lerinin y\u00fcr\u00fct\u00fclmesi, faaliyetlerin mevzuata uygun y\u00fcr\u00fct\u00fclmesi, hukuk i\u015flerinin takibi ve y\u00fcr\u00fct\u00fclmesi, ileti\u015fim faaliyetlerinin y\u00fcr\u00fct\u00fclmesi, insan kaynaklar\u0131 s\u00fcre\u00e7lerinin planlanmas\u0131, i\u015f faaliyetlerinin y\u00fcr\u00fct\u00fclmesi \/ denetimi, s\u00f6zle\u015fme s\u00fcre\u00e7lerinin y\u00fcr\u00fct\u00fclmesi, yetkili ki\u015fi, kurum ve kurulu\u015flara bilgi verilmesi ama\u00e7lar\u0131yla i\u015flenmektedir.<\/td>\n<\/tr>\n<tr>\n<td width=\"157\"><strong>K\u0130\u015e\u0130SEL VER\u0130 \u0130\u015eLEMEN\u0130N HUKUK\u0130 SEBEB\u0130 NED\u0130R?<\/strong><\/td>\n<td colspan=\"3\" width=\"533\">\u00b7\u00a0\u00a0\u00a0\u00a0\u00a0 S\u00f6zle\u015fmenin Kurulmas\u0131<\/p>\n<p>\u00b7\u00a0\u00a0\u00a0\u00a0\u00a0 Veri Sorumlusunun Me\u015fru Menfaati<\/td>\n<\/tr>\n<tr>\n<td width=\"157\"><strong>KVKK KAPSAMINDA SAH\u0130P OLDU\u011eUNUZ HAKLARINIZ<\/strong><\/p>\n<p><strong>\u00a0<\/strong><\/td>\n<td colspan=\"3\" width=\"533\"><strong>\u015eirketimize ba\u015fvurarak ki\u015fisel verilerinizin;<\/strong><\/p>\n<p>a) i\u015flenip i\u015flenmedi\u011fini \u00f6\u011frenme,<\/p>\n<p>b) i\u015flenmi\u015fse bilgi talep etme,<\/p>\n<p>c) i\u015flenme amac\u0131n\u0131 ve amac\u0131na uygun kullan\u0131l\u0131p kullan\u0131lmad\u0131\u011f\u0131n\u0131 \u00f6\u011frenme,<\/p>\n<p>\u00e7) yurt i\u00e7inde \/ yurt d\u0131\u015f\u0131nda aktar\u0131ld\u0131\u011f\u0131 3. ki\u015fileri bilme,<\/p>\n<p>d) eksik \/ yanl\u0131\u015f i\u015flenmi\u015fse d\u00fczeltilmesini isteme,<\/p>\n<p>e) KVKK\u2019n\u0131n 7.nci maddesinde \u00f6ng\u00f6r\u00fclen \u015fartlar \u00e7er\u00e7evesinde silinmesini \/ yok edilmesini isteme,<\/p>\n<p>f) aktar\u0131ld\u0131\u011f\u0131 \u00fc\u00e7\u00fcnc\u00fc ki\u015filere yukar\u0131da say\u0131lan (\u00e7) ve (d) bentleri uyar\u0131nca yap\u0131lan i\u015flemlerin bildirilmesini isteme,<\/p>\n<p>g) m\u00fcnhas\u0131ran otomatik sistemler ile analiz edilmesi nedeniyle aleyhinize bir sonucun ortaya \u00e7\u0131kmas\u0131na itiraz etme,<\/p>\n<p>\u011f) kanuna ayk\u0131r\u0131 olarak i\u015flenmesi sebebiyle zarara u\u011framan\u0131z h\u00e2linde zarar\u0131n giderilmesini talep etme hakk\u0131na sahipsiniz.<\/p>\n<p>&nbsp;<\/td>\n<\/tr>\n<tr>\n<td width=\"157\"><strong>K\u0130\u015e\u0130SEL VER\u0130LER\u0130N\u0130Z\u0130N KORUNMASINA \u0130L\u0130\u015eK\u0130N \u00d6NLEMLER<\/strong><\/td>\n<td colspan=\"3\" width=\"533\">Ki\u015fisel verilerin korunmas\u0131, \u015firketimiz i\u00e7in \u00f6nemli bir konudur. \u015eirketimiz, ki\u015fisel verilere yetkisiz eri\u015fim veya bu bilgilerin kayb\u0131, hatal\u0131 kullan\u0131m\u0131, if\u015fa edilmesi, de\u011fi\u015ftirilmesi veya imha edilmesine kar\u015f\u0131 korumak i\u00e7in gerekli teknik ve idari tedbirleri almaktad\u0131r. \u015eirketimiz, ki\u015fisel verilerinizi gizli tutmay\u0131, gizlili\u011fin sa\u011flanmas\u0131 ve g\u00fcvenli\u011fi i\u00e7in gerekli teknik ve idari her t\u00fcrl\u00fc tedbiri almay\u0131 ve gerekli \u00f6zeni g\u00f6stermeyi taahh\u00fct etmektedir.<\/p>\n<p>&nbsp;<\/p>\n<p>\u015eirketimizin gerekli bilgi g\u00fcvenli\u011fi \u00f6nlemlerini almas\u0131na kar\u015f\u0131n, web sitesine ve sisteme yap\u0131lan sald\u0131r\u0131lar sonucunda ki\u015fisel verilerin zarar g\u00f6rmesi veya \u00fc\u00e7\u00fcnc\u00fc ki\u015filerin eline ge\u00e7mesi durumunda, \u015eirketimiz bu durumu derhal sizlere ve Ki\u015fisel Verileri Koruma Kurulu\u2019na bildirir.<\/td>\n<\/tr>\n<tr>\n<td width=\"157\"><strong>K\u0130\u015e\u0130SEL VER\u0130LER\u0130N\u0130Z\u0130N DO\u011eRU VE G\u00dcNCEL OLARAK MUHAFAZA ED\u0130LMES\u0130<\/strong><\/td>\n<td colspan=\"3\" width=\"533\">Ki\u015fisel verilerini \u015firketimizle payla\u015fanlar, bu bilgilerin do\u011fru olmas\u0131n\u0131n ve g\u00fcncel bir \u015fekilde muhafaza edilmesinin, hem 6698 Say\u0131l\u0131 Ki\u015fisel Verilerin Korunmas\u0131 Kanunu anlam\u0131nda ki\u015fisel verileri \u00fczerinde sahip olduklar\u0131 haklar hem de ilgili di\u011fer mevzuat a\u00e7\u0131s\u0131ndan \u00f6nemli oldu\u011funu bildiklerini ve yanl\u0131\u015f bilgi verilmesinde do\u011facak sorumluluklar\u0131n tamamen kendilerine ait olaca\u011f\u0131n\u0131, kabul ve beyan etmi\u015flerdir.<\/p>\n<p>&nbsp;<\/p>\n<p>Payla\u015fm\u0131\u015f oldu\u011funuz ki\u015fisel verileriniz ile ilgili de\u011fi\u015fiklik ve\/veya g\u00fcncellemeleri a\u015fa\u011f\u0131da belirtilen KEP adresinden veya \u015firketimizin adresine fiziki posta yoluyla ya da <a href=\"http:\/\/www.batulogistics.com\"><em>www.batulogistics.com<\/em><\/a> \u00a0\u00fczerinde belirtilen e-posta, faks ya da \u00e7a\u011fr\u0131 merkezi gibi ileti\u015fim kanallar\u0131ndan gerekli bildirimleri yapabilirsiniz.<\/p>\n<p><strong>\u00a0<\/strong><\/td>\n<\/tr>\n<tr>\n<td width=\"157\"><strong>K\u0130\u015e\u0130SEL VER\u0130LER\u0130N\u0130Z\u0130N S\u0130L\u0130NMES\u0130, YOK ED\u0130LMES\u0130 VEYA ANON\u0130M HALE GET\u0130R\u0130LMES\u0130<\/strong><\/td>\n<td colspan=\"3\" width=\"533\">\u0130\u015fbu Bilgilendirme metninde belirtilen ama\u00e7larla i\u015flenmi\u015f olan ki\u015fisel verileriniz; KVKK md. 7\/f.1&#8217;e g\u00f6re i\u015flenmesi gerektiren ama\u00e7 ortadan kalkt\u0131\u011f\u0131nda ve varsa Kanunlar\u0131n belirledi\u011fi s\u00fcreler ge\u00e7ince; \u015eirketimizin Ki\u015fisel Veri Saklama ve \u0130mha Politikas\u0131 do\u011frultusunda re\u2019sen veya talebiniz \u00fczerine taraf\u0131m\u0131zca silinecek, yok edilecek veya anonimle\u015ftirilerek kullan\u0131lmaya devam edilecektir.<\/td>\n<\/tr>\n<tr>\n<td width=\"157\"><strong>VER\u0130 SORUMLUSUNUN K\u0130ML\u0130\u011e\u0130<\/strong><\/td>\n<td colspan=\"3\" width=\"533\">Batu International Lojistik \u0130\u00e7 ve D\u0131\u015f Ticaret A.\u015e.<\/p>\n<p><u>Mersis No<\/u>: 0150057660300014<\/p>\n<p><u>Adres<\/u>: Oru\u00e7reis Mah. Tekstilkent Cad. No:12B Koza Plaza A Blok Kat:10 Ofis:38 At\u0131\u015falan\u0131 \/ Esenler 34235 \u0130stanbul<\/p>\n<p><u>KEP Adresi<\/u>: batuinternational@hs02.kep.tr<\/p>\n<p>&nbsp;<\/td>\n<\/tr>\n<tr>\n<td width=\"157\"><\/td>\n<td width=\"275\"><\/td>\n<td width=\"86\"><\/td>\n<td width=\"173\"><\/td>\n<\/tr>\n<\/tbody>\n<\/table>\n<p>&nbsp;<\/p>\n<p>&nbsp;<\/p>\n<\/div>\n<p>[\/vc_column_text][\/vc_column][vc_column width=&#8221;1\/4&#8243; css=&#8221;.vc_custom_1540658978144{background-position: center !important;background-repeat: no-repeat !important;background-size: cover !important;}&#8221; offset=&#8221;vc_hidden-sm vc_hidden-xs&#8221;][stm_sidebar sidebar=&#8221;16645&#8243;][\/vc_column][\/vc_row]<\/p>\n","protected":false},"excerpt":{"rendered":"<p>[vc_row][vc_column offset=&#8221;vc_col-lg-9 vc_col-md-9&#8243;][vc_custom_heading text=&#8221;K\u0130\u015e\u0130SEL VER\u0130LER\u0130N \u0130\u015eLENMES\u0130NE \u0130L\u0130\u015eK\u0130N AYDINLATMA METN\u0130&#8221; font_container=&#8221;tag:h3|text_align:left&#8221; google_fonts=&#8221;font_family:Montserrat%3Aregular%2C700|font_style:700%20bold%20regular%3A700%3Anormal&#8221; css=&#8221;.vc_custom_1587749527176{margin-top: 50px !important;margin-bottom: 25px !important;}&#8221;][vc_column_text css=&#8221;.vc_custom_1658759661789{margin-bottom: 23px !important;}&#8221;] Personel Aday\u0131 Referans\u0131 3.Ki\u015fi \u0130\u015fbu Ki\u015fisel Ki\u015fisel Verilerin \u0130\u015flenmesine \u0130li\u015fkin Ayd\u0131nlatma Metni; sa\u011f \u00fcst kutucukta belirtilen ilgili ki\u015fi grubunun \u015firket taraf\u0131ndan tutulan veriler i\u00e7in ge\u00e7erlidir. NEDEN BU METN\u0130 G\u00d6NDER\u0130YORUZ? Batu International Lojistik \u0130\u00e7 ve D\u0131\u015f Ticaret<\/p>\n","protected":false},"author":1,"featured_media":0,"parent":0,"menu_order":0,"comment_status":"closed","ping_status":"closed","template":"","meta":[],"_links":{"self":[{"href":"https:\/\/batulogistics.com\/en\/wp-json\/wp\/v2\/pages\/17476"}],"collection":[{"href":"https:\/\/batulogistics.com\/en\/wp-json\/wp\/v2\/pages"}],"about":[{"href":"https:\/\/batulogistics.com\/en\/wp-json\/wp\/v2\/types\/page"}],"author":[{"embeddable":true,"href":"https:\/\/batulogistics.com\/en\/wp-json\/wp\/v2\/users\/1"}],"replies":[{"embeddable":true,"href":"https:\/\/batulogistics.com\/en\/wp-json\/wp\/v2\/comments?post=17476"}],"version-history":[{"count":3,"href":"https:\/\/batulogistics.com\/en\/wp-json\/wp\/v2\/pages\/17476\/revisions"}],"predecessor-version":[{"id":17690,"href":"https:\/\/batulogistics.com\/en\/wp-json\/wp\/v2\/pages\/17476\/revisions\/17690"}],"wp:attachment":[{"href":"https:\/\/batulogistics.com\/en\/wp-json\/wp\/v2\/media?parent=17476"}],"curies":[{"name":"wp","href":"https:\/\/api.w.org\/{rel}","templated":true}]}}