{"id":17471,"date":"2020-05-21T12:44:49","date_gmt":"2020-05-21T09:44:49","guid":{"rendered":"https:\/\/batulogistics.com\/?page_id=17471"},"modified":"2022-07-25T17:39:09","modified_gmt":"2022-07-25T14:39:09","slug":"tedarikci-imza-yetkilisi-aydinlatma-metni","status":"publish","type":"page","link":"https:\/\/batulogistics.com\/en\/tedarikci-imza-yetkilisi-aydinlatma-metni\/","title":{"rendered":"Tedarik\u00e7i \u0130mza Yetkilisi Ayd\u0131nlatma Metni"},"content":{"rendered":"<p>[vc_row][vc_column offset=&#8221;vc_col-lg-9 vc_col-md-9&#8243;][vc_custom_heading text=&#8221;K\u0130\u015e\u0130SEL VER\u0130LER\u0130N \u0130\u015eLENMES\u0130NE \u0130L\u0130\u015eK\u0130N AYDINLATMA METN\u0130&#8221; font_container=&#8221;tag:h3|text_align:left&#8221; google_fonts=&#8221;font_family:Montserrat%3Aregular%2C700|font_style:700%20bold%20regular%3A700%3Anormal&#8221; css=&#8221;.vc_custom_1587749527176{margin-top: 50px !important;margin-bottom: 25px !important;}&#8221;][vc_column_text css=&#8221;.vc_custom_1658759945909{margin-bottom: 23px !important;}&#8221;]<\/p>\n<table width=\"862\">\n<tbody>\n<tr>\n<td colspan=\"3\" width=\"647\"><strong>\u00a0<\/strong><\/td>\n<td width=\"216\"><strong><em>Tedarik\u00e7i \u0130mza Yetkilisi<\/em><\/strong><\/td>\n<\/tr>\n<tr>\n<td colspan=\"4\" width=\"862\">\u0130\u015fbu Ki\u015fisel Ki\u015fisel Verilerin \u0130\u015flenmesine \u0130li\u015fkin Ayd\u0131nlatma Metni; sa\u011f \u00fcst kutucukta belirtilen ilgili ki\u015fi grubunun \u015firket taraf\u0131ndan tutulan veriler i\u00e7in ge\u00e7erlidir.<\/td>\n<\/tr>\n<tr>\n<td width=\"196\"><strong>NEDEN BU METN\u0130 G\u00d6NDER\u0130YORUZ?<\/strong><\/td>\n<td colspan=\"3\" width=\"667\">Batu International Lojistik \u0130\u00e7 ve D\u0131\u015f Ticaret A.\u015e. olarak, 6698 Say\u0131l\u0131 Ki\u015fisel Verilerin Korunmas\u0131 Kanunu (\u201cKVKK\u201d) ve 30356 say\u0131l\u0131 10.03.2018 tarihli Resmi Gazete\u2019de yay\u0131mlanan Ayd\u0131nlatma Y\u00fck\u00fcml\u00fcl\u00fc\u011f\u00fcn\u00fcn Yerine Getirilmesinde Uyulacak Usul ve Esaslar Hakk\u0131nda Tebli\u011f uyar\u0131nca, Veri Sorumlusu s\u0131fat\u0131yla haz\u0131rlanan i\u015fbu \u201cBilgilendirme\u201d yaz\u0131s\u0131 ile Sizlere, KVKK\u2019da yer alan \u201cVeri Sorumlusunun Ayd\u0131nlatma Y\u00fck\u00fcml\u00fcl\u00fc\u011f\u00fc\u201d ba\u015fl\u0131kl\u0131 10., \u201c\u0130lgili Ki\u015finin Haklar\u0131\u201d ba\u015fl\u0131kl\u0131 11. Ve Ayd\u0131nlatma Y\u00fck\u00fcml\u00fcl\u00fc\u011f\u00fcn\u00fcn Yerine Getirilmesinde Uyulacak Usul ve Esaslar Hakk\u0131nda Tebli\u011f\u2019de yer alan 4 ve 5. Maddeleri \u00e7er\u00e7evesinde; hangi ama\u00e7la ki\u015fisel verilerinizin i\u015flenece\u011fi, i\u015flenen ki\u015fisel verilerinizin kimlere ve hangi ama\u00e7la aktar\u0131labilece\u011fi, ki\u015fisel verilerinizin toplanmas\u0131n\u0131n y\u00f6ntemi ve hukuki sebebi ve KVKK\u2019n\u0131n 11. maddesinde say\u0131lan di\u011fer haklar\u0131n\u0131zla ilgili olarak bilgi vermek amac\u0131yla d\u00fczenlenmi\u015ftir.<\/td>\n<\/tr>\n<tr>\n<td width=\"196\"><strong>HANG\u0130 KONULARDA AYDINLATMA YAPIYORUZ?<\/strong><\/td>\n<td width=\"343\">\u00b7\u00a0\u00a0\u00a0\u00a0\u00a0\u00a0 Hangi verilerinizin topland\u0131\u011f\u0131<\/p>\n<p>\u00b7\u00a0\u00a0\u00a0\u00a0\u00a0\u00a0 Verilerinizin hangi ama\u00e7la i\u015flendi\u011fi<\/p>\n<p>\u00b7\u00a0\u00a0\u00a0\u00a0\u00a0\u00a0 Verinizin kimlerle payla\u015f\u0131ld\u0131\u011f\u0131<\/p>\n<p>\u00b7\u00a0\u00a0\u00a0\u00a0\u00a0\u00a0 Verilerinizin toplanmas\u0131n\u0131n hukuki sebebi<\/td>\n<td colspan=\"2\" width=\"323\">\u00b7\u00a0\u00a0\u00a0\u00a0\u00a0\u00a0 Verinizin imhas\u0131<\/p>\n<p>\u00b7\u00a0\u00a0\u00a0\u00a0\u00a0\u00a0 KVKK kapsam\u0131nda sahip oldu\u011funuz haklar<\/td>\n<\/tr>\n<tr>\n<td width=\"196\"><strong>HANG\u0130 VER\u0130LER\u0130N\u0130Z\u0130 \u0130\u015eL\u0130YORUZ? <\/strong><\/td>\n<td colspan=\"3\" width=\"667\">Ad soyad, \u0130mza, N\u00fcfusa Kay\u0131tl\u0131 Oldu\u011fu Cilt\/Aile\/S\u0131ra No (Sirk\u00fclere Esas Belge N\u00fcfus C\u00fczdan\u0131 ise), N\u00fcfusa Kay\u0131tl\u0131 Oldu\u011fu \u0130l\/\u0130l\u00e7e\/Mahalle\/K\u00f6y (Sirk\u00fclere Esas Belge N\u00fcfus C\u00fczdan\u0131 ise), Do\u011fum Yeri (Sirk\u00fclere Esas Belge N\u00fcfus C\u00fczdan\u0131 ise), Do\u011fum Tarihi, Seri\/ S\u0131ra No, Ana ad\u0131, Baba ad\u0131, Adres, E-posta adresi, GSM no<\/p>\n<p>TCKN, Firmadaki Unvan, Finansal performans bilgileri<\/p>\n<p>&nbsp;<\/td>\n<\/tr>\n<tr>\n<td width=\"196\"><strong>K\u0130\u015e\u0130SEL VER\u0130LER\u0130N\u0130Z\u0130 K\u0130MLERLE HANG\u0130 AMA\u00c7LA PAYLA\u015eIYORUZ?<\/strong><\/td>\n<td colspan=\"3\" width=\"667\">Yasal y\u00fck\u00fcml\u00fcl\u00fckler ya da KVKK\u2019n\u0131n 8\/2 ile 9\/2\u2019nci maddesi \u015fartlar\u0131n\u0131n varl\u0131\u011f\u0131 halinde ki\u015fisel verileriniz; faaliyetlerin mevzuata uygun y\u00fcr\u00fct\u00fclmesi, hukuk i\u015flerinin takibi ve y\u00fcr\u00fct\u00fclmesi, i\u015f faaliyetlerinin y\u00fcr\u00fct\u00fclmesi \/ denetimi, yetkili ki\u015fi, kurum ve kurulu\u015flara bilgi verilmesi, finans ve muhasebe i\u015flerinin y\u00fcr\u00fct\u00fclmesi, mal \/ hizmet sat\u0131n al\u0131m s\u00fcre\u00e7lerinin y\u00fcr\u00fct\u00fclmesi, tedarik zinciri y\u00f6netimi s\u00fcre\u00e7lerinin y\u00fcr\u00fct\u00fclmesi ama\u00e7lar\u0131yla bilgi talep eden yetkili kamu kurum ve kurulu\u015flar\u0131, mahkemeler, savc\u0131l\u0131klar, icra m\u00fcd\u00fcrl\u00fckleri ve sair adli merciler ve hukuk dan\u0131\u015fmanlar\u0131 ile payla\u015f\u0131lmaktad\u0131r.<\/td>\n<\/tr>\n<tr>\n<td width=\"196\"><strong>K\u0130\u015e\u0130SEL VER\u0130LER\u0130N\u0130Z\u0130N TOPLANMA VE \u0130\u015eLENME Y\u00d6NTEM\u0130 NED\u0130R?<\/strong><\/td>\n<td colspan=\"3\" width=\"667\">Ki\u015fisel verilerinizi; \u015eirket d\u0131\u015f\u0131ndaki bir \u00fc\u00e7\u00fcnc\u00fc ki\u015fi taraf\u0131ndan iletilme, tedarik\u00e7i taraf\u0131ndan e-posta yoluyla, Tedarik S\u00f6zle\u015fmelerinin akdedilmesi suretiyle TOPLUYOR; \u00a0mail ortam\u0131nda saklamak, Tedarik\u00e7i bilgilerinin sisteme tan\u0131mlanmas\u0131 \u015feklinde ve Tedarik S\u00f6zle\u015fmeleri&#8217;nin fiziki olarak saklanmas\u0131 suretiyle \u0130\u015eL\u0130YORUZ.<\/td>\n<\/tr>\n<tr>\n<td width=\"196\"><strong>K\u0130\u015e\u0130SEL VER\u0130LER\u0130N\u0130Z\u0130N \u0130\u015eLENME AMA\u00c7LARI NED\u0130R?<\/strong><\/p>\n<p><strong>\u00a0<\/strong><\/td>\n<td colspan=\"3\" width=\"667\">Ki\u015fisel verileriniz, faatliyetlerin mevzuata uygun y\u00fcr\u00fct\u00fclmesi, hukuk i\u015flerinin takibi ve y\u00fcr\u00fct\u00fclmesi, i\u015f faaliyetlerinin y\u00fcr\u00fct\u00fclmesi \/ denetimi, yetkili ki\u015fi, kurum ve kurulu\u015flara bilgi verilmesi, finans ve muhasebe i\u015flerinin y\u00fcr\u00fct\u00fclmesi, mal \/ hizmet sat\u0131n al\u0131m s\u00fcre\u00e7lerinin y\u00fcr\u00fct\u00fclmesi, tedarik zinciri y\u00f6netimi s\u00fcre\u00e7lerinin y\u00fcr\u00fct\u00fclmesi, hakedi\u015flerin \u00f6denmesi ama\u00e7lar\u0131yla i\u015flenmektedir.<\/td>\n<\/tr>\n<tr>\n<td width=\"196\"><strong>K\u0130\u015e\u0130SEL VER\u0130 \u0130\u015eLEMEN\u0130N HUKUK\u0130 SEBEB\u0130 NED\u0130R?<\/strong><\/td>\n<td colspan=\"3\" width=\"667\">\u00b7\u00a0\u00a0\u00a0\u00a0\u00a0\u00a0 S\u00f6zle\u015fmenin Kurulmas\u0131 \/ \u0130fas\u0131<\/p>\n<p>\u00b7\u00a0\u00a0\u00a0\u00a0\u00a0\u00a0 Veri Sorumlusunun Me\u015fru Menfaati<\/p>\n<p>\u00b7\u00a0\u00a0\u00a0\u00a0\u00a0\u00a0 Hakk\u0131n Korunmas\u0131<\/td>\n<\/tr>\n<tr>\n<td width=\"196\"><strong>KVKK KAPSAMINDA SAH\u0130P OLDU\u011eUNUZ HAKLARINIZ<\/strong><\/p>\n<p><strong>\u00a0<\/strong><\/td>\n<td colspan=\"3\" width=\"667\"><strong>\u015eirketimize ba\u015fvurarak ki\u015fisel verilerinizin;<\/strong><\/p>\n<p>a) i\u015flenip i\u015flenmedi\u011fini \u00f6\u011frenme,<\/p>\n<p>b) i\u015flenmi\u015fse bilgi talep etme,<\/p>\n<p>c) i\u015flenme amac\u0131n\u0131 ve amac\u0131na uygun kullan\u0131l\u0131p kullan\u0131lmad\u0131\u011f\u0131n\u0131 \u00f6\u011frenme,<\/p>\n<p>\u00e7) yurt i\u00e7inde \/ yurt d\u0131\u015f\u0131nda aktar\u0131ld\u0131\u011f\u0131 3. ki\u015fileri bilme,<\/p>\n<p>d) eksik \/ yanl\u0131\u015f i\u015flenmi\u015fse d\u00fczeltilmesini isteme,<\/p>\n<p>e) KVKK\u2019n\u0131n 7.nci maddesinde \u00f6ng\u00f6r\u00fclen \u015fartlar \u00e7er\u00e7evesinde silinmesini \/ yok edilmesini isteme,<\/p>\n<p>f) aktar\u0131ld\u0131\u011f\u0131 \u00fc\u00e7\u00fcnc\u00fc ki\u015filere yukar\u0131da say\u0131lan (\u00e7) ve (d) bentleri uyar\u0131nca yap\u0131lan i\u015flemlerin bildirilmesini isteme,<\/p>\n<p>g) m\u00fcnhas\u0131ran otomatik sistemler ile analiz edilmesi nedeniyle aleyhinize bir sonucun ortaya \u00e7\u0131kmas\u0131na itiraz etme,<\/p>\n<p>\u011f) kanuna ayk\u0131r\u0131 olarak i\u015flenmesi sebebiyle zarara u\u011framan\u0131z h\u00e2linde zarar\u0131n giderilmesini talep etme hakk\u0131na sahipsiniz.<\/p>\n<p>&nbsp;<\/td>\n<\/tr>\n<tr>\n<td width=\"196\"><strong>K\u0130\u015e\u0130SEL VER\u0130LER\u0130N\u0130Z\u0130N KORUNMASINA \u0130L\u0130\u015eK\u0130N \u00d6NLEMLER<\/strong><\/td>\n<td colspan=\"3\" width=\"667\">Ki\u015fisel verilerin korunmas\u0131, \u015firketimiz i\u00e7in \u00f6nemli bir konudur. \u015eirketimiz, ki\u015fisel verilere yetkisiz eri\u015fim veya bu bilgilerin kayb\u0131, hatal\u0131 kullan\u0131m\u0131, if\u015fa edilmesi, de\u011fi\u015ftirilmesi veya imha edilmesine kar\u015f\u0131 korumak i\u00e7in gerekli teknik ve idari tedbirleri almaktad\u0131r. \u015eirketimiz, ki\u015fisel verilerinizi gizli tutmay\u0131, gizlili\u011fin sa\u011flanmas\u0131 ve g\u00fcvenli\u011fi i\u00e7in gerekli teknik ve idari her t\u00fcrl\u00fc tedbiri almay\u0131 ve gerekli \u00f6zeni g\u00f6stermeyi taahh\u00fct etmektedir.<\/p>\n<p>&nbsp;<\/p>\n<p>\u015eirketimizin gerekli bilgi g\u00fcvenli\u011fi \u00f6nlemlerini almas\u0131na kar\u015f\u0131n, web sitesine ve sisteme yap\u0131lan sald\u0131r\u0131lar sonucunda ki\u015fisel verilerin zarar g\u00f6rmesi veya \u00fc\u00e7\u00fcnc\u00fc ki\u015filerin eline ge\u00e7mesi durumunda, \u015eirketimiz bu durumu derhal sizlere ve Ki\u015fisel Verileri Koruma Kurulu\u2019na bildirir.<\/td>\n<\/tr>\n<tr>\n<td width=\"196\"><strong>K\u0130\u015e\u0130SEL VER\u0130LER\u0130N\u0130Z\u0130N DO\u011eRU VE G\u00dcNCEL OLARAK MUHAFAZA ED\u0130LMES\u0130<\/strong><\/td>\n<td colspan=\"3\" width=\"667\">Ki\u015fisel verilerini \u015firketimizle payla\u015fanlar, bu bilgilerin do\u011fru olmas\u0131n\u0131n ve g\u00fcncel bir \u015fekilde muhafaza edilmesinin, hem 6698 Say\u0131l\u0131 Ki\u015fisel Verilerin Korunmas\u0131 Kanunu anlam\u0131nda ki\u015fisel verileri \u00fczerinde sahip olduklar\u0131 haklar hem de ilgili di\u011fer mevzuat a\u00e7\u0131s\u0131ndan \u00f6nemli oldu\u011funu bildiklerini ve yanl\u0131\u015f bilgi verilmesinde do\u011facak sorumluluklar\u0131n tamamen kendilerine ait olaca\u011f\u0131n\u0131, kabul ve beyan etmi\u015flerdir.<\/p>\n<p>&nbsp;<\/p>\n<p>Payla\u015fm\u0131\u015f oldu\u011funuz ki\u015fisel verileriniz ile ilgili de\u011fi\u015fiklik ve\/veya g\u00fcncellemeleri a\u015fa\u011f\u0131da belirtilen KEP adresinden veya \u015firketimizin adresine fiziki posta yoluyla ya da <a href=\"http:\/\/www.batulogistics.com\"><em>www.batulogistics.com<\/em><\/a> \u00a0\u00fczerinde belirtilen e-posta, faks ya da \u00e7a\u011fr\u0131 merkezi gibi ileti\u015fim kanallar\u0131ndan gerekli bildirimleri yapabilirsiniz.<\/p>\n<p><strong>\u00a0<\/strong><\/td>\n<\/tr>\n<tr>\n<td width=\"196\"><strong>K\u0130\u015e\u0130SEL VER\u0130LER\u0130N\u0130Z\u0130N S\u0130L\u0130NMES\u0130, YOK ED\u0130LMES\u0130 VEYA ANON\u0130M HALE GET\u0130R\u0130LMES\u0130<\/strong><\/td>\n<td colspan=\"3\" width=\"667\">\u0130\u015fbu Bilgilendirme metninde belirtilen ama\u00e7larla i\u015flenmi\u015f olan ki\u015fisel verileriniz; KVKK md. 7\/f.1&#8217;e g\u00f6re i\u015flenmesi gerektiren ama\u00e7 ortadan kalkt\u0131\u011f\u0131nda ve varsa Kanunlar\u0131n belirledi\u011fi s\u00fcreler ge\u00e7ince; \u015eirketimizin Ki\u015fisel Veri Saklama ve \u0130mha Politikas\u0131 do\u011frultusunda re\u2019sen veya talebiniz \u00fczerine taraf\u0131m\u0131zca silinecek, yok edilecek veya anonimle\u015ftirilerek kullan\u0131lmaya devam edilecektir.<\/td>\n<\/tr>\n<tr>\n<td width=\"196\"><strong>VER\u0130 SORUMLUSUNUN K\u0130ML\u0130\u011e\u0130<\/strong><\/td>\n<td colspan=\"3\" width=\"667\">Batu International Lojistik \u0130\u00e7 ve D\u0131\u015f Ticaret A.\u015e.<\/p>\n<p><u>Mersis No<\/u>: 0150057660300014<\/p>\n<p><u>Adres<\/u>: Oru\u00e7reis Mah. Tekstilkent Cad. No:12B Koza Plaza A Blok Kat:10 Ofis:38 At\u0131\u015falan\u0131 \/ Esenler 34235 \u0130stanbul<\/p>\n<p><u>KEP Adresi<\/u>: batuinternational@hs02.kep.tr<\/td>\n<\/tr>\n<tr>\n<td width=\"196\"><\/td>\n<td width=\"343\"><\/td>\n<td width=\"107\"><\/td>\n<td width=\"216\"><\/td>\n<\/tr>\n<\/tbody>\n<\/table>\n<p>[\/vc_column_text][\/vc_column][vc_column width=&#8221;1\/4&#8243; css=&#8221;.vc_custom_1540658978144{background-position: center !important;background-repeat: no-repeat !important;background-size: cover !important;}&#8221; offset=&#8221;vc_hidden-sm vc_hidden-xs&#8221;][stm_sidebar sidebar=&#8221;16645&#8243;][\/vc_column][\/vc_row]<\/p>\n","protected":false},"excerpt":{"rendered":"<p>[vc_row][vc_column offset=&#8221;vc_col-lg-9 vc_col-md-9&#8243;][vc_custom_heading text=&#8221;K\u0130\u015e\u0130SEL VER\u0130LER\u0130N \u0130\u015eLENMES\u0130NE \u0130L\u0130\u015eK\u0130N AYDINLATMA METN\u0130&#8221; font_container=&#8221;tag:h3|text_align:left&#8221; google_fonts=&#8221;font_family:Montserrat%3Aregular%2C700|font_style:700%20bold%20regular%3A700%3Anormal&#8221; css=&#8221;.vc_custom_1587749527176{margin-top: 50px !important;margin-bottom: 25px !important;}&#8221;][vc_column_text css=&#8221;.vc_custom_1658759945909{margin-bottom: 23px !important;}&#8221;] \u00a0 Tedarik\u00e7i \u0130mza Yetkilisi \u0130\u015fbu Ki\u015fisel Ki\u015fisel Verilerin \u0130\u015flenmesine \u0130li\u015fkin Ayd\u0131nlatma Metni; sa\u011f \u00fcst kutucukta belirtilen ilgili ki\u015fi grubunun \u015firket taraf\u0131ndan tutulan veriler i\u00e7in ge\u00e7erlidir. NEDEN BU METN\u0130 G\u00d6NDER\u0130YORUZ? Batu International Lojistik \u0130\u00e7 ve D\u0131\u015f Ticaret<\/p>\n","protected":false},"author":1,"featured_media":0,"parent":0,"menu_order":0,"comment_status":"closed","ping_status":"closed","template":"","meta":[],"_links":{"self":[{"href":"https:\/\/batulogistics.com\/en\/wp-json\/wp\/v2\/pages\/17471"}],"collection":[{"href":"https:\/\/batulogistics.com\/en\/wp-json\/wp\/v2\/pages"}],"about":[{"href":"https:\/\/batulogistics.com\/en\/wp-json\/wp\/v2\/types\/page"}],"author":[{"embeddable":true,"href":"https:\/\/batulogistics.com\/en\/wp-json\/wp\/v2\/users\/1"}],"replies":[{"embeddable":true,"href":"https:\/\/batulogistics.com\/en\/wp-json\/wp\/v2\/comments?post=17471"}],"version-history":[{"count":4,"href":"https:\/\/batulogistics.com\/en\/wp-json\/wp\/v2\/pages\/17471\/revisions"}],"predecessor-version":[{"id":17694,"href":"https:\/\/batulogistics.com\/en\/wp-json\/wp\/v2\/pages\/17471\/revisions\/17694"}],"wp:attachment":[{"href":"https:\/\/batulogistics.com\/en\/wp-json\/wp\/v2\/media?parent=17471"}],"curies":[{"name":"wp","href":"https:\/\/api.w.org\/{rel}","templated":true}]}}