{"id":17123,"date":"2018-10-25T16:54:32","date_gmt":"2018-10-25T16:54:32","guid":{"rendered":"https:\/\/batulogistics.com\/tarihcemiz\/"},"modified":"2023-01-02T20:08:28","modified_gmt":"2023-01-02T17:08:28","slug":"our-brief-history","status":"publish","type":"page","link":"https:\/\/batulogistics.com\/en\/our-brief-history\/","title":{"rendered":"Our Brief History"},"content":{"rendered":"<p>[vc_row css=&#8221;.vc_custom_1451991003825{margin-bottom: 100px !important;}&#8221;][vc_column width=&#8221;3\/4&#8243;][vc_single_image image=&#8221;16490&#8243; img_size=&#8221;full&#8221; css=&#8221;.vc_custom_1545924784271{margin-bottom: 46px !important;}&#8221;][vc_column_text css=&#8221;.vc_custom_1551195726864{margin-bottom: 50px !important;}&#8221;]<\/p>\n<h2>Our Brief History<\/h2>\n<div id=\"lipsum\">\n<p align=\"justify\">Having started its journey in the logistics sector in 2002, Batu Logistics achieved many significant successes by realizing many of its projects and investment goals from past until today. It has continued to improve its service quality based on the principle of continuous innovation by closely observing all the developments in the sector that may create added value for its customers and stakeholders. It takes firm steps towards becoming an international logistics services provider in this process by improving its foreign structure in addition to its warehouse, entrepot, fleet and important agency memberships.<\/p>\n<\/div>\n<p>[\/vc_column_text][stm_company_history][stm_company_history_item year=&#8221;2002&#8243; title=&#8221;Company\u2019s Foundation&#8221; description=&#8221;Batu Logistics was founded to achieve great goals, by offering quality services.&#8221;][stm_company_history_item year=&#8221;2004&#8243; title=&#8221;Fleet Investment&#8221; description=&#8221;Towing truck and trailer investments were made for road transport.&#8221;][stm_company_history_item year=&#8221;2010&#8243; title=&#8221;International Forwarding Association (IFA) Membership&#8221; description=&#8221;Batu Logistics became a member of IFA, which includes 42 companies from 26 countries and which offers solutions in subjects such as customs clearance, logistic storage and customer-sales activities etc. Thanks to this membership, we are able to function as if we have branches in 26 countries in Europe.&#8221;][stm_company_history_item year=&#8221;2014&#8243; title=&#8221;Gebze Entrepot Investment&#8221; description=&#8221;Batu Logistics has become able to carry out storage services in addition to transport services thanks to the warehouse in Gebze. A-type general entrepot with 4000 sqm. of indoor area and capacity of 7250 pallets as well as the free warehouse with 8500 sqm. of indoor area and capacity of 12534 pallets offer storage services suitable for every sector.&#8221;][stm_company_history_item year=&#8221;2014&#8243; title=&#8221;Batu Group of Companies&#8221; description=&#8221;Newly founded companies with various purposes and Batu Logistics are all gathered under the roof of Batu Group of Companies.&#8221;][stm_company_history_item year=&#8221;2015&#8243; title=&#8221;B\u00fcy\u00fck\u00e7ekmece Fleet Park Investment&#8221; description=&#8221;Vehicle parking facility and the export &amp; domestic logistics warehouse services are put into service in B\u00fcy\u00fck\u00e7ekmece with an area of more than 20.000 sqm.&#8221;][stm_company_history_item year=&#8221;2016&#8243; title=&#8221;Italy Office Opening&#8221; description=&#8221;Office opening in Italy\u2019s Trieste city.&#8221;][stm_company_history_item year=&#8221;2017&#8243; title=&#8221;Konya Office Opening&#8221; description=&#8221;A new office was opened to coordinate the domestic operations.&#8221;][stm_company_history_item year=&#8221;2018&#8243; title=&#8221;Konya Warehouse Investment&#8221; description=&#8221;A warehouse investment was made in Konya considering the domestic transports and the production capacity in Anatolia.&#8221;][stm_company_history_item year=&#8221;2018&#8243; title=&#8221;Germany Office Opening&#8221; description=&#8221;A new office investment was made in N\u00fcrnberg city to coordinate the operations in Germany.&#8221;][stm_company_history_item year=&#8221;2018&#8243; title=&#8221;Germany Warehouse Investment&#8221; description=&#8221;An investment was made for two warehouses in Germany\u2019s Bergkamen and N\u00fcrnberg cities to strengthen the transport and storage operations in Europe.&#8221;][\/stm_company_history][\/vc_column][vc_column width=&#8221;1\/4&#8243;][stm_sidebar sidebar=&#8221;16645&#8243;][\/vc_column][\/vc_row][vc_row full_width=&#8221;stretch_row&#8221; el_class=&#8221;third_bg_color&#8221; css=&#8221;.vc_custom_1451889219674{margin-bottom: -60px !important;}&#8221;][vc_column][vc_cta h2=&#8221;Would you like to receive integrated and professional logistic services?&#8221; h2_font_container=&#8221;font_size:20px|color:%23000000|line_height:24px&#8221; h2_use_theme_fonts=&#8221;yes&#8221; shape=&#8221;square&#8221; style=&#8221;flat&#8221; add_button=&#8221;right&#8221; btn_title=&#8221;Request for Proposal&#8221; btn_style=&#8221;flat&#8221; btn_color=&#8221;theme_style_2&#8243; btn_align=&#8221;right&#8221; btn_i_align=&#8221;right&#8221; btn_i_icon_fontawesome=&#8221;fa fa-chevron-right&#8221; use_custom_fonts_h2=&#8221;true&#8221; btn_button_block=&#8221;true&#8221; btn_add_icon=&#8221;true&#8221; el_class=&#8221;third_bg_color&#8221; css=&#8221;.vc_custom_1551438157695{margin-bottom: 0px !important;}&#8221; btn_link=&#8221;url:https%3A%2F%2Fbatulogistics.com%2Frequest-for-proposal%2F%3Flang%3Den|||&#8221;][\/vc_cta][\/vc_column][\/vc_row]<\/p>\n","protected":false},"excerpt":{"rendered":"<p>[vc_row css=&#8221;.vc_custom_1451991003825{margin-bottom: 100px !important;}&#8221;][vc_column width=&#8221;3\/4&#8243;][vc_single_image image=&#8221;16490&#8243; img_size=&#8221;full&#8221; css=&#8221;.vc_custom_1545924784271{margin-bottom: 46px !important;}&#8221;][vc_column_text css=&#8221;.vc_custom_1551195726864{margin-bottom: 50px !important;}&#8221;] Our Brief History Having started its journey in the logistics sector in 2002, Batu Logistics achieved many significant successes by realizing many of its projects and investment goals from past until today. It has continued to improve its service quality based on<\/p>\n","protected":false},"author":1,"featured_media":0,"parent":0,"menu_order":0,"comment_status":"closed","ping_status":"closed","template":"","meta":[],"_links":{"self":[{"href":"https:\/\/batulogistics.com\/en\/wp-json\/wp\/v2\/pages\/17123"}],"collection":[{"href":"https:\/\/batulogistics.com\/en\/wp-json\/wp\/v2\/pages"}],"about":[{"href":"https:\/\/batulogistics.com\/en\/wp-json\/wp\/v2\/types\/page"}],"author":[{"embeddable":true,"href":"https:\/\/batulogistics.com\/en\/wp-json\/wp\/v2\/users\/1"}],"replies":[{"embeddable":true,"href":"https:\/\/batulogistics.com\/en\/wp-json\/wp\/v2\/comments?post=17123"}],"version-history":[{"count":7,"href":"https:\/\/batulogistics.com\/en\/wp-json\/wp\/v2\/pages\/17123\/revisions"}],"predecessor-version":[{"id":17725,"href":"https:\/\/batulogistics.com\/en\/wp-json\/wp\/v2\/pages\/17123\/revisions\/17725"}],"wp:attachment":[{"href":"https:\/\/batulogistics.com\/en\/wp-json\/wp\/v2\/media?parent=17123"}],"curies":[{"name":"wp","href":"https:\/\/api.w.org\/{rel}","templated":true}]}}