{"id":17108,"date":"2019-01-28T12:29:17","date_gmt":"2019-01-28T09:29:17","guid":{"rendered":"https:\/\/batulogistics.com\/sosyal-etkinlikler\/"},"modified":"2023-01-02T20:12:31","modified_gmt":"2023-01-02T17:12:31","slug":"social-events","status":"publish","type":"page","link":"https:\/\/batulogistics.com\/en\/social-events\/","title":{"rendered":"Social Events"},"content":{"rendered":"<p>[vc_row][vc_column offset=&#8221;vc_col-lg-9 vc_col-md-9&#8243;][vc_single_image image=&#8221;16643&#8243; img_size=&#8221;full&#8221;][vc_column_text]<\/p>\n<h3>Social Events<\/h3>\n<p align=\"justify\">Batu Logistics management staff and the leaders of the solution partners are coming together with the university students who will be tomorrow\u2019s business people to share their experiences and to evaluate the current market conditions.<\/p>\n<p align=\"justify\">During these events organized together with the universities and the student clubs, the main purpose is to make our young people much more ready for the business world, to listen to their innovative ideas and to direct them better.<\/p>\n<p align=\"justify\">Moreover efforts are made to come together as much as possible with the young players of Istanbul All Stars basketball club, which has been supported by Batu Logistics for long years, to act as mentors.<\/p>\n<p>[\/vc_column_text][\/vc_column][vc_column width=&#8221;1\/4&#8243;][stm_sidebar sidebar=&#8221;16645&#8243;][\/vc_column][\/vc_row][vc_row][vc_column width=&#8221;2\/3&#8243;][vc_custom_heading text=&#8221;Photos From The Organized Social Events&#8221; font_container=&#8221;tag:h5|text_align:left&#8221; google_fonts=&#8221;font_family:Montserrat%3Aregular%2C700|font_style:700%20bold%20regular%3A700%3Anormal&#8221; css=&#8221;.vc_custom_1551254004421{margin-bottom: 39px !important;}&#8221;][\/vc_column][vc_column width=&#8221;1\/3&#8243;][\/vc_column][\/vc_row][vc_row css=&#8221;.vc_custom_1548667750868{margin-bottom: 30px !important;}&#8221;][vc_column offset=&#8221;vc_col-lg-12 vc_col-md-12&#8243;][vc_images_carousel images=&#8221;16827,16824,16825,16826&#8243; img_size=&#8221;full&#8221; onclick=&#8221;link_no&#8221; speed=&#8221;2000&#8243; autoplay=&#8221;yes&#8221; title=&#8221;Y\u0131ld\u0131z Teknik University \/\/ 14. International Supply Chain Camp&#8221;][\/vc_column][\/vc_row][vc_row css=&#8221;.vc_custom_1548667750868{margin-bottom: 30px !important;}&#8221;][vc_column width=&#8221;1\/4&#8243; offset=&#8221;vc_col-lg-12 vc_col-md-12&#8243;][vc_images_carousel images=&#8221;16806,16807,16808&#8243; img_size=&#8221;full&#8221; onclick=&#8221;link_no&#8221; speed=&#8221;2000&#8243; autoplay=&#8221;yes&#8221; title=&#8221;\u0130stanbul K\u00fclt\u00fcr University Logistics Department&#8221;][\/vc_column][\/vc_row][vc_row css=&#8221;.vc_custom_1548667750868{margin-bottom: 30px !important;}&#8221;][vc_column width=&#8221;1\/4&#8243; offset=&#8221;vc_col-lg-12 vc_col-md-12&#8243;][vc_images_carousel images=&#8221;16775,16776,16777&#8243; img_size=&#8221;full&#8221; onclick=&#8221;link_no&#8221; speed=&#8221;2000&#8243; autoplay=&#8221;yes&#8221; title=&#8221;Y\u0131ld\u0131z Teknik University \/\/ 13. International Supply Chain Camp&#8221;][\/vc_column][\/vc_row][vc_row css=&#8221;.vc_custom_1548667750868{margin-bottom: 30px !important;}&#8221;][vc_column width=&#8221;1\/4&#8243; offset=&#8221;vc_col-lg-12 vc_col-md-12&#8243;][vc_images_carousel images=&#8221;16772,16771,16769,16773,16774&#8243; img_size=&#8221;full&#8221; onclick=&#8221;link_no&#8221; speed=&#8221;2000&#8243; autoplay=&#8221;yes&#8221; title=&#8221;\u0130stanbul AllStars Basketball Team&#8221;][\/vc_column][\/vc_row][vc_row][vc_column][vc_images_carousel images=&#8221;16770&#8243; img_size=&#8221;full&#8221; speed=&#8221;2000&#8243; autoplay=&#8221;yes&#8221; title=&#8221;Y\u0131ld\u0131z Teknik University \/\/ 12. International Supply Chain Camp&#8221;][\/vc_column][\/vc_row][vc_row][vc_column][vc_images_carousel images=&#8221;16778,16816,16813&#8243; img_size=&#8221;full&#8221; speed=&#8221;2000&#8243; autoplay=&#8221;yes&#8221; title=&#8221;Support to ARUNA Project developed by ITU students&#8221;][\/vc_column][\/vc_row][vc_row][vc_column][vc_images_carousel images=&#8221;16841,16842,16840,16839,16843&#8243; img_size=&#8221;full&#8221; speed=&#8221;2000&#8243; autoplay=&#8221;yes&#8221; title=&#8221;Kocag\u00fcr Primary School Exterior Renewal&#8221;][\/vc_column][\/vc_row][vc_row][vc_column][vc_images_carousel images=&#8221;16817,16818&#8243; img_size=&#8221;full&#8221; speed=&#8221;2000&#8243; autoplay=&#8221;yes&#8221; title=&#8221;\u00c7ankaya University Events&#8221;][\/vc_column][\/vc_row][vc_row][vc_column][vc_images_carousel images=&#8221;16844,16845&#8243; img_size=&#8221;full&#8221; speed=&#8221;2000&#8243; autoplay=&#8221;yes&#8221; title=&#8221;1 Book 1 Hope Project&#8221;][\/vc_column][\/vc_row][vc_row][vc_column][vc_images_carousel images=&#8221;16814&#8243; img_size=&#8221;full&#8221; speed=&#8221;2000&#8243; autoplay=&#8221;yes&#8221; title=&#8221;Y\u0131ld\u0131z Teknik University \/\/ 11. International Supply Chain Camp&#8221;][\/vc_column][\/vc_row][vc_row disable_element=&#8221;yes&#8221; css=&#8221;.vc_custom_1548667602780{margin-bottom: 30px !important;}&#8221;][vc_column offset=&#8221;vc_col-lg-4 vc_col-md-4&#8243;][stm_icon_box icon=&#8221;fa fa-paperclip&#8221; style=&#8221;icon_left&#8221; icon_size=&#8221;16&#8243; icon_color=&#8221;base&#8221; icon_bg_color=&#8221;third_bg&#8221; icon_width=&#8221;70&#8243; title=&#8221;E\u011fitim&#8221; css=&#8221;.vc_custom_1544022764047{margin-bottom: 28px !important;}&#8221;]<\/p>\n<p align=\"justify\"><span style=\"display: block; line-height: 24px;\">T\u00fcrkiye genelinde ihtiya\u00e7 duyulan okullar\u0131n yenilenme \u00e7al\u0131\u015fmalar\u0131na destek oluyoruz.<\/span><\/p>\n<p align=\"justify\">Y\u00f6neticilerimiz, \u00fcniversitelerde \u00f6\u011frenciler ile bir araya gelerek, sekt\u00f6r hakk\u0131nda bilgiler payla\u015f\u0131yor.<\/p>\n<p>[\/stm_icon_box][stm_icon_box icon=&#8221;stm-idea&#8221; style=&#8221;icon_left&#8221; icon_size=&#8221;28&#8243; icon_color=&#8221;base&#8221; icon_bg_color=&#8221;third_bg&#8221; icon_width=&#8221;70&#8243; title=&#8221;Bilim-Teknoloji&#8221; css=&#8221;.vc_custom_1544022777484{margin-bottom: 28px !important;}&#8221;]<\/p>\n<p align=\"justify\"><span style=\"display: block; line-height: 24px;\">\u0130stanbul Teknik \u00dcniversitesi taraf\u0131ndan geli\u015ftirilen, g\u00fcne\u015f enerjisiyle \u00e7al\u0131\u015fan ilk aile otomobili projesi &#8220;Aruna&#8221;y\u0131 destekliyoruz.<\/span><\/p>\n<p>[\/stm_icon_box][\/vc_column][vc_column offset=&#8221;vc_col-lg-4 vc_col-md-4&#8243;][stm_icon_box icon=&#8221;stm-stm14_health&#8221; style=&#8221;icon_left&#8221; icon_size=&#8221;22&#8243; icon_color=&#8221;base&#8221; icon_bg_color=&#8221;third_bg&#8221; icon_width=&#8221;70&#8243; title=&#8221;Sa\u011fl\u0131k&#8221; css=&#8221;.vc_custom_1544022786177{margin-bottom: 68px !important;}&#8221;]<\/p>\n<p align=\"justify\"><span style=\"display: block; line-height: 24px;\">Williams Sendromlu \u00e7ocuklar\u0131n daha iyi bir e\u011fitim alabilmeleri ad\u0131na, \u00f6zel s\u0131n\u0131flar\u0131n olu\u015fturulmas\u0131n\u0131 sa\u011fl\u0131yoruz.<\/span><\/p>\n<p>[\/stm_icon_box][stm_icon_box icon=&#8221;fa fa-bicycle&#8221; style=&#8221;icon_left&#8221; icon_size=&#8221;20&#8243; icon_color=&#8221;base&#8221; icon_bg_color=&#8221;third_bg&#8221; icon_width=&#8221;70&#8243; title=&#8221;Spor&#8221; css=&#8221;.vc_custom_1544022794011{margin-bottom: 28px !important;}&#8221;]<\/p>\n<p align=\"justify\"><span style=\"display: block; line-height: 24px;\">\u0130stanbul All Stars Basketbol tak\u0131m\u0131n\u0131 destekliyoruz.<\/span><\/p>\n<p>[\/stm_icon_box][\/vc_column][vc_column offset=&#8221;vc_col-lg-4 vc_col-md-4&#8243;][stm_icon_box icon=&#8221;fa fa-envira&#8221; style=&#8221;icon_left&#8221; icon_size=&#8221;20&#8243; icon_color=&#8221;base&#8221; icon_bg_color=&#8221;third_bg&#8221; icon_width=&#8221;70&#8243; title=&#8221;\u00c7evre&#8221; css=&#8221;.vc_custom_1548334007795{margin-bottom: 28px !important;}&#8221;]<\/p>\n<p align=\"justify\"><span style=\"display: block; line-height: 24px;\">Organize etti\u011fimiz t\u00fcm ta\u015f\u0131malarda kullan\u0131lan ara\u00e7lar\u0131n Euro5 ve Euro6 \u00f6zellikli olmas\u0131na dikkat ederek, y\u0131lda 300\u2019den fazla a\u011fac\u0131 koruyoruz.<\/span><\/p>\n<p align=\"justify\">Ayr\u0131ca her y\u0131l Ege Orman Vakf\u0131&#8217;na fidan ba\u011f\u0131\u015f\u0131 yap\u0131yoruz.<\/p>\n<p align=\"justify\">Do\u011fay\u0131 daha fazla koruyabilmek ad\u0131na yurti\u00e7i ta\u015f\u0131ma organizasyonlar\u0131m\u0131zdaki t\u00fcm ara\u00e7lar\u0131n CNG donan\u0131ml\u0131 olmas\u0131na \u00f6zen g\u00f6steriyoruz.<\/p>\n<p>[\/stm_icon_box][\/vc_column][\/vc_row][vc_row][vc_column][vc_empty_space][\/vc_column][\/vc_row][vc_row full_width=&#8221;stretch_row&#8221; el_class=&#8221;third_bg_color&#8221; css=&#8221;.vc_custom_1451889219674{margin-bottom: -60px !important;}&#8221;][vc_column][vc_cta h2=&#8221;Is there any event you would like us to take a part?&#8221; h2_font_container=&#8221;font_size:20px|color:%23000000|line_height:24px&#8221; h2_use_theme_fonts=&#8221;yes&#8221; shape=&#8221;square&#8221; style=&#8221;flat&#8221; add_button=&#8221;right&#8221; btn_title=&#8221;Invite&#8221; btn_style=&#8221;flat&#8221; btn_color=&#8221;theme_style_2&#8243; btn_align=&#8221;right&#8221; btn_i_align=&#8221;right&#8221; btn_i_icon_fontawesome=&#8221;fa fa-chevron-right&#8221; use_custom_fonts_h2=&#8221;true&#8221; btn_button_block=&#8221;true&#8221; btn_add_icon=&#8221;true&#8221; el_class=&#8221;third_bg_color&#8221; css=&#8221;.vc_custom_1551422356385{margin-bottom: 0px !important;}&#8221; btn_link=&#8221;url:https%3A%2F%2Fbatulogistics.com%2Finvite%2F%3Flang%3Den|||&#8221;][\/vc_cta][\/vc_column][\/vc_row]<\/p>\n","protected":false},"excerpt":{"rendered":"<p>[vc_row][vc_column offset=&#8221;vc_col-lg-9 vc_col-md-9&#8243;][vc_single_image image=&#8221;16643&#8243; img_size=&#8221;full&#8221;][vc_column_text] Social Events Batu Logistics management staff and the leaders of the solution partners are coming together with the university students who will be tomorrow\u2019s business people to share their experiences and to evaluate the current market conditions. During these events organized together with the universities and the student clubs, the<\/p>\n","protected":false},"author":1,"featured_media":0,"parent":0,"menu_order":0,"comment_status":"closed","ping_status":"closed","template":"","meta":[],"_links":{"self":[{"href":"https:\/\/batulogistics.com\/en\/wp-json\/wp\/v2\/pages\/17108"}],"collection":[{"href":"https:\/\/batulogistics.com\/en\/wp-json\/wp\/v2\/pages"}],"about":[{"href":"https:\/\/batulogistics.com\/en\/wp-json\/wp\/v2\/types\/page"}],"author":[{"embeddable":true,"href":"https:\/\/batulogistics.com\/en\/wp-json\/wp\/v2\/users\/1"}],"replies":[{"embeddable":true,"href":"https:\/\/batulogistics.com\/en\/wp-json\/wp\/v2\/comments?post=17108"}],"version-history":[{"count":8,"href":"https:\/\/batulogistics.com\/en\/wp-json\/wp\/v2\/pages\/17108\/revisions"}],"predecessor-version":[{"id":17729,"href":"https:\/\/batulogistics.com\/en\/wp-json\/wp\/v2\/pages\/17108\/revisions\/17729"}],"wp:attachment":[{"href":"https:\/\/batulogistics.com\/en\/wp-json\/wp\/v2\/media?parent=17108"}],"curies":[{"name":"wp","href":"https:\/\/api.w.org\/{rel}","templated":true}]}}