{"id":17098,"date":"2015-12-15T07:37:48","date_gmt":"2015-12-15T07:37:48","guid":{"rendered":"https:\/\/batulogistics.com\/iletisim\/"},"modified":"2025-08-06T22:05:10","modified_gmt":"2025-08-06T19:05:10","slug":"contact","status":"publish","type":"page","link":"https:\/\/batulogistics.com\/en\/contact\/","title":{"rendered":"Contact"},"content":{"rendered":"<p>[vc_row css=&#8221;.vc_custom_1754507056110{margin-bottom: 41px !important;}&#8221;][vc_column][vc_tta_tabs shape=&#8221;square&#8221; spacing=&#8221;&#8221; active_section=&#8221;1&#8243; no_fill_content_area=&#8221;true&#8221; el_class=&#8221;theme_style&#8221;][vc_tta_section title=&#8221;Headquarters&#8221; tab_id=&#8221;1452257567229-e5f623b2-41c0&#8243;][vc_row_inner css=&#8221;.vc_custom_1452504967583{margin-bottom: 33px !important;}&#8221;][vc_column_inner width=&#8221;1\/3&#8243;][vc_single_image image=&#8221;16188&#8243; img_size=&#8221;350&#215;330&#8243;][\/vc_column_inner][vc_column_inner width=&#8221;1\/3&#8243;][vc_gmaps link=&#8221;#E-8_JTNDaWZyYW1lJTIwc3JjJTNEJTIyaHR0cHMlM0ElMkYlMkZ3d3cuZ29vZ2xlLmNvbSUyRm1hcHMlMkZlbWJlZCUzRnBiJTNEJTIxMW0xOCUyMTFtMTIlMjExbTMlMjExZDI0MzI2LjM4MDc3MjUzODIwNyUyMTJkMjguODQ4MjI2OTM1OTc0NDY2JTIxM2Q0MS4wNjg4NjAxMjAyODE0MzUlMjEybTMlMjExZjAlMjEyZjAlMjEzZjAlMjEzbTIlMjExaTEwMjQlMjEyaTc2OCUyMTRmMTMuMSUyMTNtMyUyMTFtMiUyMTFzMHgwJTI1M0EweDAlMjEyek5ESENzREEwSnpBNExqTWlUaUF5T01Ld05URW5OVEV1TlNKRiUyMTVlMCUyMTNtMiUyMTFzdHIlMjEyc3RyJTIxNHYxNTQzMjQwNDg4NTQ3JTIyJTIwd2lkdGglM0QlMjI2MDAlMjIlMjBoZWlnaHQlM0QlMjI0NTAlMjIlMjBmcmFtZWJvcmRlciUzRCUyMjAlMjIlMjBzdHlsZSUzRCUyMmJvcmRlciUzQTAlMjIlMjBhbGxvd2Z1bGxzY3JlZW4lM0UlM0MlMkZpZnJhbWUlM0U=&#8221; size=&#8221;330px&#8221;][\/vc_column_inner][vc_column_inner width=&#8221;1\/3&#8243;][stm_contacts_widget class=&#8221;overlay_3&#8243; title=&#8221;Contact&#8221; address=&#8221;Oru\u00e7reis Mah. Tekstilkent Cad. No:12B Koza Plaza A Blok Kat:10 Ofis:38 At\u0131\u015falan\u0131 \/ Esenler 34235 \u0130stanbul\/T\u00fcrkiye&#8221; phone=&#8221;+90 212 444 22 88&#8243; email=&#8221;info@batulogistics.com&#8221; css=&#8221;.vc_custom_1658761817296{padding-top: 46px !important;padding-right: 50px !important;padding-bottom: 46px !important;padding-left: 50px !important;background-image: url(https:\/\/batulogistics.com\/wp-content\/uploads\/2015\/12\/placeholder.gif?id=493) !important;}&#8221; facebook=&#8221;#&#8221; twitter=&#8221;#&#8221; linkedin=&#8221;#&#8221;][\/vc_column_inner][\/vc_row_inner][vc_row_inner][vc_column_inner width=&#8221;2\/3&#8243;][vc_custom_heading text=&#8221;Contact Form&#8221; font_container=&#8221;tag:h4|text_align:left&#8221; use_theme_fonts=&#8221;yes&#8221; css=&#8221;.vc_custom_1551181165853{margin-bottom: 30px !important;}&#8221;]<div role=\"form\" class=\"wpcf7\" id=\"wpcf7-f17215-o1\" lang=\"tr-TR\" dir=\"ltr\">\n<div class=\"screen-reader-response\"><p role=\"status\" aria-live=\"polite\" aria-atomic=\"true\"><\/p> <ul><\/ul><\/div>\n<form action=\"\/en\/wp-json\/wp\/v2\/pages\/17098#wpcf7-f17215-o1\" method=\"post\" class=\"wpcf7-form init wpcf7-acceptance-as-validation\" novalidate=\"novalidate\" data-status=\"init\">\n<div style=\"display: none;\">\n<input type=\"hidden\" name=\"_wpcf7\" value=\"17215\" \/>\n<input type=\"hidden\" name=\"_wpcf7_version\" value=\"5.5.6.1\" \/>\n<input type=\"hidden\" name=\"_wpcf7_locale\" value=\"tr_TR\" \/>\n<input type=\"hidden\" name=\"_wpcf7_unit_tag\" value=\"wpcf7-f17215-o1\" \/>\n<input type=\"hidden\" name=\"_wpcf7_container_post\" value=\"0\" \/>\n<input type=\"hidden\" name=\"_wpcf7_posted_data_hash\" value=\"\" \/>\n<input type=\"hidden\" name=\"_wpcf7_recaptcha_response\" value=\"\" \/>\n<\/div>\n<div class=\"request_callback\">\n<div class=\"row\">\n<div class=\"col-lg-6 col-md-6 col-sm-6 col-xs-12\">\n<div class=\"input-group\">\n                <span class=\"wpcf7-form-control-wrap text-name\"><input type=\"text\" name=\"text-name\" value=\"\" size=\"40\" class=\"wpcf7-form-control wpcf7-text wpcf7-validates-as-required\" aria-required=\"true\" aria-invalid=\"false\" placeholder=\"Name Surname *\" \/><\/span>\n            <\/div>\n<div class=\"input-group\">\n                <span class=\"wpcf7-form-control-wrap email\"><input type=\"email\" name=\"email\" value=\"\" size=\"40\" class=\"wpcf7-form-control wpcf7-text wpcf7-email wpcf7-validates-as-required wpcf7-validates-as-email\" aria-required=\"true\" aria-invalid=\"false\" placeholder=\"Email*\" \/><\/span>\n            <\/div>\n<div class=\"input-group\">\n                <span class=\"wpcf7-form-control-wrap phone\"><input type=\"tel\" name=\"phone\" value=\"\" size=\"40\" class=\"wpcf7-form-control wpcf7-text wpcf7-tel wpcf7-validates-as-required wpcf7-validates-as-tel\" aria-required=\"true\" aria-invalid=\"false\" placeholder=\"Tel *\" \/><\/span>\n            <\/div>\n<\/div>\n<div class=\"col-lg-6 col-md-6 col-sm-6 col-xs-12\">\n<div class=\"input-group\">\n                <span class=\"wpcf7-form-control-wrap message\"><textarea name=\"message\" cols=\"40\" rows=\"10\" class=\"wpcf7-form-control wpcf7-textarea wpcf7-validates-as-required\" aria-required=\"true\" aria-invalid=\"false\" placeholder=\"Message *\"><\/textarea><\/span>\n            <\/div>\n<p><span class=\"wpcf7-form-control-wrap kabul\"><span class=\"wpcf7-form-control wpcf7-acceptance\"><span class=\"wpcf7-list-item\"><label><input type=\"checkbox\" name=\"kabul\" value=\"1\" aria-invalid=\"false\" class=\"required\" \/><span class=\"wpcf7-list-item-label\"><a href=\"https:\/\/batulogistics.com\/privacy-clarification-notice\/?lang=en\" target=\"_blank\"> I accepted GDPR notice.<\/a><\/span><\/label><\/span><\/span><\/span><\/p>\n<div class=\"input-group\">\n                <button type=\"submit\" class=\"button size-lg icon_right\">Send <i class=\"fa fa-chevron-right\"><\/i><\/button>\n            <\/div>\n<\/div>\n<\/div>\n<\/div>\n<div class=\"wpcf7-response-output\" aria-hidden=\"true\"><\/div><\/form><\/div>[vc_raw_js]JTIwJTIwJTNDc2NyaXB0JTIwc3JjJTNEJTIyaHR0cHMlM0ElMkYlMkZ3d3cuZ29vZ2xlLmNvbSUyRnJlY2FwdGNoYSUyRmFwaS5qcyUzRnJlbmRlciUzRHJlQ0FQVENIQV9zaXRlX2tleSUyMiUzRSUzQyUyRnNjcmlwdCUzRSUwQSUyMCUyMCUzQ3NjcmlwdCUzRSUwQSUyMCUyMGdyZWNhcHRjaGEucmVhZHklMjhmdW5jdGlvbiUyOCUyOSUyMCU3QiUwQSUyMCUyMCUyMCUyMCUyMCUyMGdyZWNhcHRjaGEuZXhlY3V0ZSUyOCUyNzZMZm92WkVVQUFBQUFLLWUwSWRvZlNlOVE3eXFiT0NwNkU0VkdPRk8lMjclMkMlMjAlN0JhY3Rpb24lM0ElMjAlMjdob21lcGFnZSUyNyU3RCUyOS50aGVuJTI4ZnVuY3Rpb24lMjh0b2tlbiUyOSUyMCU3QiUwQSUyMCUyMCUyMCUyMCUyMCUyMCUyMCUyMCUyMC4uLiUwQSUyMCUyMCUyMCUyMCUyMCUyMCU3RCUyOSUzQiUwQSUyMCUyMCU3RCUyOSUzQiUwQSUyMCUyMCUzQyUyRnNjcmlwdCUzRQ==[\/vc_raw_js][\/vc_column_inner][vc_column_inner width=&#8221;1\/3&#8243; offset=&#8221;vc_hidden-lg vc_hidden-md vc_hidden-sm vc_hidden-xs&#8221;][\/vc_column_inner][\/vc_row_inner][\/vc_tta_section][vc_tta_section title=&#8221;Gebze Warehouse &amp; Entrepot&#8221; tab_id=&#8221;1452509683679-b4680d19-a860&#8243;][vc_row_inner css=&#8221;.vc_custom_1452504967583{margin-bottom: 33px !important;}&#8221;][vc_column_inner width=&#8221;1\/3&#8243;][vc_single_image image=&#8221;17787&#8243; img_size=&#8221;350&#215;330&#8243;][\/vc_column_inner][vc_column_inner width=&#8221;1\/3&#8243;][vc_gmaps link=&#8221;#E-8_JTNDaWZyYW1lJTIwc3JjJTNEJTIyaHR0cHMlM0ElMkYlMkZ3d3cuZ29vZ2xlLmNvbSUyRm1hcHMlMkZlbWJlZCUzRnBiJTNEJTIxMW0xOCUyMTFtMTIlMjExbTMlMjExZDMwMTcuMTYzMTg1ODEzNDEzMyUyMTJkMjkuNDI5MTkwNzc2MzQ2NjMzJTIxM2Q0MC44NjgyOTI4NzEzNzA2MSUyMTJtMyUyMTFmMCUyMTJmMCUyMTNmMCUyMTNtMiUyMTFpMTAyNCUyMTJpNzY4JTIxNGYxMy4xJTIxM20zJTIxMW0yJTIxMXMweDE0Y2IyN2QyMTBjM2JmMTklMjUzQTB4OTg2YzllODA4OWRlN2Y5YiUyMTJzQmF0dSUyNTIwTG9naXN0aWNzJTI1MjBTZXJiZXN0JTI1MjBEZXBvJTIxNWUwJTIxM20yJTIxMXN0ciUyMTJzdHIlMjE0djE3NTQ1MDcwMTAzMDglMjE1bTIlMjExc3RyJTIxMnN0ciUyMiUyMHdpZHRoJTNEJTIyNjAwJTIyJTIwaGVpZ2h0JTNEJTIyNDUwJTIyJTIwc3R5bGUlM0QlMjJib3JkZXIlM0EwJTNCJTIyJTIwYWxsb3dmdWxsc2NyZWVuJTNEJTIyJTIyJTIwbG9hZGluZyUzRCUyMmxhenklMjIlMjByZWZlcnJlcnBvbGljeSUzRCUyMm5vLXJlZmVycmVyLXdoZW4tZG93bmdyYWRlJTIyJTNFJTNDJTJGaWZyYW1lJTNF&#8221; size=&#8221;330px&#8221;][\/vc_column_inner][vc_column_inner width=&#8221;1\/3&#8243;][stm_contacts_widget class=&#8221;overlay_3&#8243; title=&#8221;Contact&#8221; address=&#8221;Bal\u00e7\u0131k Mahallesi Kocag\u00f6l Caddesi<br \/>\n3254 Sokak 4\/2, 41000 Gebze\/Kocaeli\/Turkiye&#8221; phone=&#8221;+90 444 22 88&#8243; email=&#8221;info@batulogistics.com&#8221; css=&#8221;.vc_custom_1754507046576{padding-top: 46px !important;padding-right: 50px !important;padding-bottom: 46px !important;padding-left: 50px !important;background-image: url(https:\/\/batulogistics.com\/wp-content\/uploads\/2015\/12\/placeholder.gif?id=493) !important;}&#8221; facebook=&#8221;#&#8221; twitter=&#8221;#&#8221; linkedin=&#8221;#&#8221;][\/vc_column_inner][\/vc_row_inner][vc_row_inner][vc_column_inner width=&#8221;2\/3&#8243;][vc_custom_heading text=&#8221;Contact Form&#8221; font_container=&#8221;tag:h4|text_align:left&#8221; use_theme_fonts=&#8221;yes&#8221; css=&#8221;.vc_custom_1551181898594{margin-bottom: 30px !important;}&#8221;]<div role=\"form\" class=\"wpcf7\" id=\"wpcf7-f17215-o2\" lang=\"tr-TR\" dir=\"ltr\">\n<div class=\"screen-reader-response\"><p role=\"status\" aria-live=\"polite\" aria-atomic=\"true\"><\/p> <ul><\/ul><\/div>\n<form action=\"\/en\/wp-json\/wp\/v2\/pages\/17098#wpcf7-f17215-o2\" method=\"post\" class=\"wpcf7-form init wpcf7-acceptance-as-validation\" novalidate=\"novalidate\" data-status=\"init\">\n<div style=\"display: none;\">\n<input type=\"hidden\" name=\"_wpcf7\" value=\"17215\" \/>\n<input type=\"hidden\" name=\"_wpcf7_version\" value=\"5.5.6.1\" \/>\n<input type=\"hidden\" name=\"_wpcf7_locale\" value=\"tr_TR\" \/>\n<input type=\"hidden\" name=\"_wpcf7_unit_tag\" value=\"wpcf7-f17215-o2\" \/>\n<input type=\"hidden\" name=\"_wpcf7_container_post\" value=\"0\" \/>\n<input type=\"hidden\" name=\"_wpcf7_posted_data_hash\" value=\"\" \/>\n<input type=\"hidden\" name=\"_wpcf7_recaptcha_response\" value=\"\" \/>\n<\/div>\n<div class=\"request_callback\">\n<div class=\"row\">\n<div class=\"col-lg-6 col-md-6 col-sm-6 col-xs-12\">\n<div class=\"input-group\">\n                <span class=\"wpcf7-form-control-wrap text-name\"><input type=\"text\" name=\"text-name\" value=\"\" size=\"40\" class=\"wpcf7-form-control wpcf7-text wpcf7-validates-as-required\" aria-required=\"true\" aria-invalid=\"false\" placeholder=\"Name Surname *\" \/><\/span>\n            <\/div>\n<div class=\"input-group\">\n                <span class=\"wpcf7-form-control-wrap email\"><input type=\"email\" name=\"email\" value=\"\" size=\"40\" class=\"wpcf7-form-control wpcf7-text wpcf7-email wpcf7-validates-as-required wpcf7-validates-as-email\" aria-required=\"true\" aria-invalid=\"false\" placeholder=\"Email*\" \/><\/span>\n            <\/div>\n<div class=\"input-group\">\n                <span class=\"wpcf7-form-control-wrap phone\"><input type=\"tel\" name=\"phone\" value=\"\" size=\"40\" class=\"wpcf7-form-control wpcf7-text wpcf7-tel wpcf7-validates-as-required wpcf7-validates-as-tel\" aria-required=\"true\" aria-invalid=\"false\" placeholder=\"Tel *\" \/><\/span>\n            <\/div>\n<\/div>\n<div class=\"col-lg-6 col-md-6 col-sm-6 col-xs-12\">\n<div class=\"input-group\">\n                <span class=\"wpcf7-form-control-wrap message\"><textarea name=\"message\" cols=\"40\" rows=\"10\" class=\"wpcf7-form-control wpcf7-textarea wpcf7-validates-as-required\" aria-required=\"true\" aria-invalid=\"false\" placeholder=\"Message *\"><\/textarea><\/span>\n            <\/div>\n<p><span class=\"wpcf7-form-control-wrap kabul\"><span class=\"wpcf7-form-control wpcf7-acceptance\"><span class=\"wpcf7-list-item\"><label><input type=\"checkbox\" name=\"kabul\" value=\"1\" aria-invalid=\"false\" class=\"required\" \/><span class=\"wpcf7-list-item-label\"><a href=\"https:\/\/batulogistics.com\/privacy-clarification-notice\/?lang=en\" target=\"_blank\"> I accepted GDPR notice.<\/a><\/span><\/label><\/span><\/span><\/span><\/p>\n<div class=\"input-group\">\n                <button type=\"submit\" class=\"button size-lg icon_right\">Send <i class=\"fa fa-chevron-right\"><\/i><\/button>\n            <\/div>\n<\/div>\n<\/div>\n<\/div>\n<div class=\"wpcf7-response-output\" aria-hidden=\"true\"><\/div><\/form><\/div>[vc_raw_js]JTIwJTIwJTNDc2NyaXB0JTIwc3JjJTNEJTIyaHR0cHMlM0ElMkYlMkZ3d3cuZ29vZ2xlLmNvbSUyRnJlY2FwdGNoYSUyRmFwaS5qcyUzRnJlbmRlciUzRHJlQ0FQVENIQV9zaXRlX2tleSUyMiUzRSUzQyUyRnNjcmlwdCUzRSUwQSUyMCUyMCUzQ3NjcmlwdCUzRSUwQSUyMCUyMGdyZWNhcHRjaGEucmVhZHklMjhmdW5jdGlvbiUyOCUyOSUyMCU3QiUwQSUyMCUyMCUyMCUyMCUyMCUyMGdyZWNhcHRjaGEuZXhlY3V0ZSUyOCUyNzZMZm92WkVVQUFBQUFLLWUwSWRvZlNlOVE3eXFiT0NwNkU0VkdPRk8lMjclMkMlMjAlN0JhY3Rpb24lM0ElMjAlMjdob21lcGFnZSUyNyU3RCUyOS50aGVuJTI4ZnVuY3Rpb24lMjh0b2tlbiUyOSUyMCU3QiUwQSUyMCUyMCUyMCUyMCUyMCUyMCUyMCUyMCUyMC4uLiUwQSUyMCUyMCUyMCUyMCUyMCUyMCU3RCUyOSUzQiUwQSUyMCUyMCU3RCUyOSUzQiUwQSUyMCUyMCUzQyUyRnNjcmlwdCUzRQ==[\/vc_raw_js][\/vc_column_inner][vc_column_inner width=&#8221;1\/3&#8243; offset=&#8221;vc_hidden-lg vc_hidden-md vc_hidden-sm vc_hidden-xs&#8221;][vc_custom_heading text=&#8221;Yetkili Ki\u015fi&#8221; font_container=&#8221;tag:h4|text_align:left&#8221; use_theme_fonts=&#8221;yes&#8221; css=&#8221;.vc_custom_1540368950811{margin-bottom: 30px !important;}&#8221;][stm_contact name=&#8221;Erdo\u011fan Ery\u00fccel&#8221; image=&#8221;33&#8243; job=&#8221;Unvan&#8221; email=&#8221;erdogan.eryucel@batulogistics.com&#8221;][stm_contact name=&#8221;Mert Kuru&#8221; image=&#8221;33&#8243; job=&#8221;Unvan&#8221; email=&#8221;mert.kuru@batulogistics.com&#8221;][\/vc_column_inner][\/vc_row_inner][\/vc_tta_section][vc_tta_section title=&#8221;Konya Warehouse&#8221; tab_id=&#8221;1452509682381-ee09d239-2bfa&#8221;][vc_row_inner css=&#8221;.vc_custom_1452504967583{margin-bottom: 33px !important;}&#8221;][vc_column_inner width=&#8221;1\/3&#8243;][vc_single_image image=&#8221;16192&#8243; img_size=&#8221;350&#215;330&#8243;][\/vc_column_inner][vc_column_inner width=&#8221;1\/3&#8243;][vc_gmaps link=&#8221;#E-8_JTNDaWZyYW1lJTIwc3JjJTNEJTIyaHR0cHMlM0ElMkYlMkZ3d3cuZ29vZ2xlLmNvbSUyRm1hcHMlMkZlbWJlZCUzRnBiJTNEJTIxMW0xOCUyMTFtMTIlMjExbTMlMjExZDYxOTM1LjY1MzAyNjc2NjI0NiUyMTJkMzIuNTY5Nzg0NzM5MzQxMDc0JTIxM2QzNy45Nzg2Mjg5MzA5NjYwNyUyMTJtMyUyMTFmMCUyMTJmMCUyMTNmMCUyMTNtMiUyMTFpMTAyNCUyMTJpNzY4JTIxNGYxMy4xJTIxM20zJTIxMW0yJTIxMXMweDE0ZDA4ZjJlYTliOTQxOWIlMjUzQTB4YzY2ZmUzMDFkYTBiNjc1ZCUyMTJzQmF0dSUyNTIwSW50ZXJuYXRpb25hbCUyNTIwTG9naXN0aWNzJTI1MjBLb255YSUyNTIwRGVwbyUyMTVlMCUyMTNtMiUyMTFzdHIlMjEyc3RyJTIxNHYxNjM3OTUwMTA0NzU0JTIxNW0yJTIxMXN0ciUyMTJzdHIlMjIlMjB3aWR0aCUzRCUyMjYwMCUyMiUyMGhlaWdodCUzRCUyMjQ1MCUyMiUyMHN0eWxlJTNEJTIyYm9yZGVyJTNBMCUzQiUyMiUyMGFsbG93ZnVsbHNjcmVlbiUzRCUyMiUyMiUyMGxvYWRpbmclM0QlMjJsYXp5JTIyJTNFJTNDJTJGaWZyYW1lJTNF&#8221; size=&#8221;330px&#8221;][\/vc_column_inner][vc_column_inner width=&#8221;1\/3&#8243;][stm_contacts_widget class=&#8221;overlay_3&#8243; title=&#8221;Contact&#8221; address=&#8221;5. Organize Sanayi B\u00f6l. 509 Nolu Cad. 117 Sk. No:11\/1 Sel\u00e7uklu \/ Konya\/Turkey&#8221; phone=&#8221;+90 (332) 502 52 90&#8243; email=&#8221;info@batulogistics.com&#8221; css=&#8221;.vc_custom_1637951191197{padding-top: 46px !important;padding-right: 50px !important;padding-bottom: 46px !important;padding-left: 50px !important;background-image: url(https:\/\/batulogistics.com\/wp-content\/uploads\/2015\/12\/placeholder.gif?id=493) !important;}&#8221;][\/vc_column_inner][\/vc_row_inner][vc_row_inner][vc_column_inner width=&#8221;2\/3&#8243;][vc_custom_heading text=&#8221;Contact Form&#8221; font_container=&#8221;tag:h4|text_align:left&#8221; use_theme_fonts=&#8221;yes&#8221; css=&#8221;.vc_custom_1551181938944{margin-bottom: 30px !important;}&#8221;]<div role=\"form\" class=\"wpcf7\" id=\"wpcf7-f17215-o3\" lang=\"tr-TR\" dir=\"ltr\">\n<div class=\"screen-reader-response\"><p role=\"status\" aria-live=\"polite\" aria-atomic=\"true\"><\/p> <ul><\/ul><\/div>\n<form action=\"\/en\/wp-json\/wp\/v2\/pages\/17098#wpcf7-f17215-o3\" method=\"post\" class=\"wpcf7-form init wpcf7-acceptance-as-validation\" novalidate=\"novalidate\" data-status=\"init\">\n<div style=\"display: none;\">\n<input type=\"hidden\" name=\"_wpcf7\" value=\"17215\" \/>\n<input type=\"hidden\" name=\"_wpcf7_version\" value=\"5.5.6.1\" \/>\n<input type=\"hidden\" name=\"_wpcf7_locale\" value=\"tr_TR\" \/>\n<input type=\"hidden\" name=\"_wpcf7_unit_tag\" value=\"wpcf7-f17215-o3\" \/>\n<input type=\"hidden\" name=\"_wpcf7_container_post\" value=\"0\" \/>\n<input type=\"hidden\" name=\"_wpcf7_posted_data_hash\" value=\"\" \/>\n<input type=\"hidden\" name=\"_wpcf7_recaptcha_response\" value=\"\" \/>\n<\/div>\n<div class=\"request_callback\">\n<div class=\"row\">\n<div class=\"col-lg-6 col-md-6 col-sm-6 col-xs-12\">\n<div class=\"input-group\">\n                <span class=\"wpcf7-form-control-wrap text-name\"><input type=\"text\" name=\"text-name\" value=\"\" size=\"40\" class=\"wpcf7-form-control wpcf7-text wpcf7-validates-as-required\" aria-required=\"true\" aria-invalid=\"false\" placeholder=\"Name Surname *\" \/><\/span>\n            <\/div>\n<div class=\"input-group\">\n                <span class=\"wpcf7-form-control-wrap email\"><input type=\"email\" name=\"email\" value=\"\" size=\"40\" class=\"wpcf7-form-control wpcf7-text wpcf7-email wpcf7-validates-as-required wpcf7-validates-as-email\" aria-required=\"true\" aria-invalid=\"false\" placeholder=\"Email*\" \/><\/span>\n            <\/div>\n<div class=\"input-group\">\n                <span class=\"wpcf7-form-control-wrap phone\"><input type=\"tel\" name=\"phone\" value=\"\" size=\"40\" class=\"wpcf7-form-control wpcf7-text wpcf7-tel wpcf7-validates-as-required wpcf7-validates-as-tel\" aria-required=\"true\" aria-invalid=\"false\" placeholder=\"Tel *\" \/><\/span>\n            <\/div>\n<\/div>\n<div class=\"col-lg-6 col-md-6 col-sm-6 col-xs-12\">\n<div class=\"input-group\">\n                <span class=\"wpcf7-form-control-wrap message\"><textarea name=\"message\" cols=\"40\" rows=\"10\" class=\"wpcf7-form-control wpcf7-textarea wpcf7-validates-as-required\" aria-required=\"true\" aria-invalid=\"false\" placeholder=\"Message *\"><\/textarea><\/span>\n            <\/div>\n<p><span class=\"wpcf7-form-control-wrap kabul\"><span class=\"wpcf7-form-control wpcf7-acceptance\"><span class=\"wpcf7-list-item\"><label><input type=\"checkbox\" name=\"kabul\" value=\"1\" aria-invalid=\"false\" class=\"required\" \/><span class=\"wpcf7-list-item-label\"><a href=\"https:\/\/batulogistics.com\/privacy-clarification-notice\/?lang=en\" target=\"_blank\"> I accepted GDPR notice.<\/a><\/span><\/label><\/span><\/span><\/span><\/p>\n<div class=\"input-group\">\n                <button type=\"submit\" class=\"button size-lg icon_right\">Send <i class=\"fa fa-chevron-right\"><\/i><\/button>\n            <\/div>\n<\/div>\n<\/div>\n<\/div>\n<div class=\"wpcf7-response-output\" aria-hidden=\"true\"><\/div><\/form><\/div>[vc_raw_js]JTIwJTIwJTNDc2NyaXB0JTIwc3JjJTNEJTIyaHR0cHMlM0ElMkYlMkZ3d3cuZ29vZ2xlLmNvbSUyRnJlY2FwdGNoYSUyRmFwaS5qcyUzRnJlbmRlciUzRHJlQ0FQVENIQV9zaXRlX2tleSUyMiUzRSUzQyUyRnNjcmlwdCUzRSUwQSUyMCUyMCUzQ3NjcmlwdCUzRSUwQSUyMCUyMGdyZWNhcHRjaGEucmVhZHklMjhmdW5jdGlvbiUyOCUyOSUyMCU3QiUwQSUyMCUyMCUyMCUyMCUyMCUyMGdyZWNhcHRjaGEuZXhlY3V0ZSUyOCUyNzZMZm92WkVVQUFBQUFLLWUwSWRvZlNlOVE3eXFiT0NwNkU0VkdPRk8lMjclMkMlMjAlN0JhY3Rpb24lM0ElMjAlMjdob21lcGFnZSUyNyU3RCUyOS50aGVuJTI4ZnVuY3Rpb24lMjh0b2tlbiUyOSUyMCU3QiUwQSUyMCUyMCUyMCUyMCUyMCUyMCUyMCUyMCUyMC4uLiUwQSUyMCUyMCUyMCUyMCUyMCUyMCU3RCUyOSUzQiUwQSUyMCUyMCU3RCUyOSUzQiUwQSUyMCUyMCUzQyUyRnNjcmlwdCUzRQ==[\/vc_raw_js][\/vc_column_inner][vc_column_inner width=&#8221;1\/3&#8243; offset=&#8221;vc_hidden-lg vc_hidden-md vc_hidden-sm vc_hidden-xs&#8221;][vc_custom_heading text=&#8221;Yetkili Ki\u015fi&#8221; font_container=&#8221;tag:h4|text_align:left&#8221; use_theme_fonts=&#8221;yes&#8221; css=&#8221;.vc_custom_1540368957420{margin-bottom: 30px !important;}&#8221;][stm_contact name=&#8221;Faruk T\u00fcrk&#8221; image=&#8221;33&#8243; job=&#8221;Unvan&#8221; email=&#8221;Faruk.Turk@batultd.com.tr&#8221;][\/vc_column_inner][\/vc_row_inner][\/vc_tta_section][\/vc_tta_tabs][\/vc_column][\/vc_row][vc_row full_width=&#8221;stretch_row&#8221; el_class=&#8221;third_bg_color&#8221; css=&#8221;.vc_custom_1451889219674{margin-bottom: -60px !important;}&#8221;][vc_column][vc_cta h2=&#8221;Would you like to receive integrated and professional logistic services?&#8221; h2_font_container=&#8221;font_size:20px|color:%23000000|line_height:24px&#8221; h2_use_theme_fonts=&#8221;yes&#8221; shape=&#8221;square&#8221; style=&#8221;flat&#8221; add_button=&#8221;right&#8221; btn_title=&#8221;Request for Proposal&#8221; btn_style=&#8221;flat&#8221; btn_color=&#8221;theme_style_2&#8243; btn_align=&#8221;right&#8221; btn_i_align=&#8221;right&#8221; btn_i_icon_fontawesome=&#8221;fa fa-chevron-right&#8221; use_custom_fonts_h2=&#8221;true&#8221; btn_button_block=&#8221;true&#8221; btn_add_icon=&#8221;true&#8221; el_class=&#8221;third_bg_color&#8221; css=&#8221;.vc_custom_1551372303719{margin-bottom: 0px !important;}&#8221; btn_link=&#8221;url:https%3A%2F%2Fbatulogistics.com%2Frequest-for-proposal%2F%3Flang%3Den|||&#8221;][\/vc_cta][\/vc_column][\/vc_row]<\/p>\n","protected":false},"excerpt":{"rendered":"<p>[vc_row css=&#8221;.vc_custom_1754507056110{margin-bottom: 41px !important;}&#8221;][vc_column][vc_tta_tabs shape=&#8221;square&#8221; spacing=&#8221;&#8221; active_section=&#8221;1&#8243; no_fill_content_area=&#8221;true&#8221; el_class=&#8221;theme_style&#8221;][vc_tta_section title=&#8221;Headquarters&#8221; tab_id=&#8221;1452257567229-e5f623b2-41c0&#8243;][vc_row_inner css=&#8221;.vc_custom_1452504967583{margin-bottom: 33px !important;}&#8221;][vc_column_inner width=&#8221;1\/3&#8243;][vc_single_image image=&#8221;16188&#8243; img_size=&#8221;350&#215;330&#8243;][\/vc_column_inner][vc_column_inner width=&#8221;1\/3&#8243;][vc_gmaps link=&#8221;#E-8_JTNDaWZyYW1lJTIwc3JjJTNEJTIyaHR0cHMlM0ElMkYlMkZ3d3cuZ29vZ2xlLmNvbSUyRm1hcHMlMkZlbWJlZCUzRnBiJTNEJTIxMW0xOCUyMTFtMTIlMjExbTMlMjExZDI0MzI2LjM4MDc3MjUzODIwNyUyMTJkMjguODQ4MjI2OTM1OTc0NDY2JTIxM2Q0MS4wNjg4NjAxMjAyODE0MzUlMjEybTMlMjExZjAlMjEyZjAlMjEzZjAlMjEzbTIlMjExaTEwMjQlMjEyaTc2OCUyMTRmMTMuMSUyMTNtMyUyMTFtMiUyMTFzMHgwJTI1M0EweDAlMjEyek5ESENzREEwSnpBNExqTWlUaUF5T01Ld05URW5OVEV1TlNKRiUyMTVlMCUyMTNtMiUyMTFzdHIlMjEyc3RyJTIxNHYxNTQzMjQwNDg4NTQ3JTIyJTIwd2lkdGglM0QlMjI2MDAlMjIlMjBoZWlnaHQlM0QlMjI0NTAlMjIlMjBmcmFtZWJvcmRlciUzRCUyMjAlMjIlMjBzdHlsZSUzRCUyMmJvcmRlciUzQTAlMjIlMjBhbGxvd2Z1bGxzY3JlZW4lM0UlM0MlMkZpZnJhbWUlM0U=&#8221; size=&#8221;330px&#8221;][\/vc_column_inner][vc_column_inner width=&#8221;1\/3&#8243;][stm_contacts_widget class=&#8221;overlay_3&#8243; title=&#8221;Contact&#8221; address=&#8221;Oru\u00e7reis Mah. Tekstilkent Cad. No:12B Koza Plaza A Blok Kat:10 Ofis:38 At\u0131\u015falan\u0131 \/ Esenler 34235 \u0130stanbul\/T\u00fcrkiye&#8221; phone=&#8221;+90 212 444 22 88&#8243; email=&#8221;info@batulogistics.com&#8221; css=&#8221;.vc_custom_1658761817296{padding-top: 46px !important;padding-right: 50px !important;padding-bottom: 46px !important;padding-left: 50px !important;background-image: url(https:\/\/batulogistics.com\/wp-content\/uploads\/2015\/12\/placeholder.gif?id=493)<\/p>\n","protected":false},"author":1,"featured_media":0,"parent":0,"menu_order":0,"comment_status":"closed","ping_status":"closed","template":"","meta":[],"_links":{"self":[{"href":"https:\/\/batulogistics.com\/en\/wp-json\/wp\/v2\/pages\/17098"}],"collection":[{"href":"https:\/\/batulogistics.com\/en\/wp-json\/wp\/v2\/pages"}],"about":[{"href":"https:\/\/batulogistics.com\/en\/wp-json\/wp\/v2\/types\/page"}],"author":[{"embeddable":true,"href":"https:\/\/batulogistics.com\/en\/wp-json\/wp\/v2\/users\/1"}],"replies":[{"embeddable":true,"href":"https:\/\/batulogistics.com\/en\/wp-json\/wp\/v2\/comments?post=17098"}],"version-history":[{"count":17,"href":"https:\/\/batulogistics.com\/en\/wp-json\/wp\/v2\/pages\/17098\/revisions"}],"predecessor-version":[{"id":17792,"href":"https:\/\/batulogistics.com\/en\/wp-json\/wp\/v2\/pages\/17098\/revisions\/17792"}],"wp:attachment":[{"href":"https:\/\/batulogistics.com\/en\/wp-json\/wp\/v2\/media?parent=17098"}],"curies":[{"name":"wp","href":"https:\/\/api.w.org\/{rel}","templated":true}]}}