{"id":17093,"date":"2016-01-07T05:57:45","date_gmt":"2016-01-07T05:57:45","guid":{"rendered":"https:\/\/batulogistics.com\/grup-sirketlerimiz\/"},"modified":"2023-01-02T20:09:50","modified_gmt":"2023-01-02T17:09:50","slug":"our-group-companies","status":"publish","type":"page","link":"https:\/\/batulogistics.com\/en\/our-group-companies\/","title":{"rendered":"Our Group Companies"},"content":{"rendered":"<p>[vc_row css=&#8221;.vc_custom_1451991003825{margin-bottom: 100px !important;}&#8221;][vc_column width=&#8221;3\/4&#8243;][vc_single_image image=&#8221;16486&#8243; img_size=&#8221;full&#8221;][vc_column_text]<\/p>\n<h3>Our Group Companies<\/h3>\n<p align=\"justify\">The companies that exist within the body of Batu Group of Companies, which are managed by professionals who are experts in their fields, are below.<\/p>\n<p align=\"justify\">Although all companies are managed independently, they combine their forces in offering the integrated services.<\/p>\n<p>[\/vc_column_text][vc_row_inner css=&#8221;.vc_custom_1452152300724{margin-bottom: 46px !important;}&#8221;][vc_column_inner][stm_partner style=&#8221;style_2&#8243; title=&#8221;Duru Ticari ve S\u0131nai \u00dcr\u00fcnler \u0130\u00e7 ve D\u0131\u015f Tic. Ltd. \u015eti.&#8221; logo=&#8221;16225&#8243; description=&#8221;It offers external trade, import-export, purchasing and stock management services within the body of Batu Group of Companies.&#8221; link=&#8221;url:http%3A%2F%2Fwww.durutrade.com||target:%20_blank|&#8221; position=&#8221;Purchasing and Stock Management&#8221; css=&#8221;.vc_custom_1551253372517{margin-bottom: 50px !important;}&#8221;][\/vc_column_inner][\/vc_row_inner][\/vc_column][vc_column width=&#8221;1\/4&#8243;][stm_sidebar sidebar=&#8221;16645&#8243;][\/vc_column][\/vc_row][vc_row full_width=&#8221;stretch_row&#8221; el_class=&#8221;third_bg_color&#8221; css=&#8221;.vc_custom_1451889219674{margin-bottom: -60px !important;}&#8221;][vc_column][vc_cta h2=&#8221;Would you like to receive integrated and professional logistic services?&#8221; h2_font_container=&#8221;font_size:20px|color:%23000000|line_height:24px&#8221; h2_use_theme_fonts=&#8221;yes&#8221; shape=&#8221;square&#8221; style=&#8221;flat&#8221; add_button=&#8221;right&#8221; btn_title=&#8221;Request for Proposal&#8221; btn_style=&#8221;flat&#8221; btn_color=&#8221;theme_style_2&#8243; btn_align=&#8221;right&#8221; btn_i_align=&#8221;right&#8221; btn_i_icon_fontawesome=&#8221;fa fa-chevron-right&#8221; use_custom_fonts_h2=&#8221;true&#8221; btn_button_block=&#8221;true&#8221; btn_add_icon=&#8221;true&#8221; el_class=&#8221;third_bg_color&#8221; css=&#8221;.vc_custom_1551438303607{margin-bottom: 0px !important;}&#8221; btn_link=&#8221;url:https%3A%2F%2Fbatulogistics.com%2Frequest-for-proposal%2F%3Flang%3Den|||&#8221;][\/vc_cta][\/vc_column][\/vc_row]<\/p>\n","protected":false},"excerpt":{"rendered":"<p>[vc_row css=&#8221;.vc_custom_1451991003825{margin-bottom: 100px !important;}&#8221;][vc_column width=&#8221;3\/4&#8243;][vc_single_image image=&#8221;16486&#8243; img_size=&#8221;full&#8221;][vc_column_text] Our Group Companies The companies that exist within the body of Batu Group of Companies, which are managed by professionals who are experts in their fields, are below. Although all companies are managed independently, they combine their forces in offering the integrated services. [\/vc_column_text][vc_row_inner css=&#8221;.vc_custom_1452152300724{margin-bottom: 46px !important;}&#8221;][vc_column_inner][stm_partner style=&#8221;style_2&#8243;<\/p>\n","protected":false},"author":1,"featured_media":0,"parent":0,"menu_order":0,"comment_status":"closed","ping_status":"closed","template":"","meta":[],"_links":{"self":[{"href":"https:\/\/batulogistics.com\/en\/wp-json\/wp\/v2\/pages\/17093"}],"collection":[{"href":"https:\/\/batulogistics.com\/en\/wp-json\/wp\/v2\/pages"}],"about":[{"href":"https:\/\/batulogistics.com\/en\/wp-json\/wp\/v2\/types\/page"}],"author":[{"embeddable":true,"href":"https:\/\/batulogistics.com\/en\/wp-json\/wp\/v2\/users\/1"}],"replies":[{"embeddable":true,"href":"https:\/\/batulogistics.com\/en\/wp-json\/wp\/v2\/comments?post=17093"}],"version-history":[{"count":5,"href":"https:\/\/batulogistics.com\/en\/wp-json\/wp\/v2\/pages\/17093\/revisions"}],"predecessor-version":[{"id":17727,"href":"https:\/\/batulogistics.com\/en\/wp-json\/wp\/v2\/pages\/17093\/revisions\/17727"}],"wp:attachment":[{"href":"https:\/\/batulogistics.com\/en\/wp-json\/wp\/v2\/media?parent=17093"}],"curies":[{"name":"wp","href":"https:\/\/api.w.org\/{rel}","templated":true}]}}